{"id":8571,"date":"2026-03-13T08:51:15","date_gmt":"2026-03-13T12:51:15","guid":{"rendered":"https:\/\/cfcquebec.ca\/?page_id=8571"},"modified":"2026-03-13T08:51:15","modified_gmt":"2026-03-13T12:51:15","slug":"info-excavation-estrie","status":"publish","type":"page","link":"https:\/\/cfcquebec.ca\/en\/info-excavation-estrie\/","title":{"rendered":"Info-Excavation Estrie"},"content":{"rendered":"<div class=\"fusion-fullwidth fullwidth-box fusion-builder-row-1 fusion-flex-container has-pattern-background has-mask-background nonhundred-percent-fullwidth non-hundred-percent-height-scrolling\" style=\"--awb-border-radius-top-left:0px;--awb-border-radius-top-right:0px;--awb-border-radius-bottom-right:0px;--awb-border-radius-bottom-left:0px;--awb-flex-wrap:wrap;\" ><div class=\"fusion-builder-row fusion-row fusion-flex-align-items-flex-start fusion-flex-content-wrap\" style=\"max-width:2059.2px;margin-left: calc(-4% \/ 2 );margin-right: calc(-4% \/ 2 );\"><div class=\"fusion-layout-column fusion_builder_column fusion-builder-column-0 fusion_builder_column_1_2 1_2 fusion-flex-column\" style=\"--awb-bg-size:cover;--awb-width-large:50%;--awb-margin-top-large:0px;--awb-spacing-right-large:3.84%;--awb-margin-bottom-large:20px;--awb-spacing-left-large:3.84%;--awb-width-medium:50%;--awb-order-medium:0;--awb-spacing-right-medium:3.84%;--awb-spacing-left-medium:3.84%;--awb-width-small:100%;--awb-order-small:0;--awb-spacing-right-small:1.92%;--awb-spacing-left-small:1.92%;\"><div class=\"fusion-column-wrapper fusion-column-has-shadow fusion-flex-justify-content-flex-start fusion-content-layout-column\"><div class=\"fusion-text fusion-text-1\"><table role=\"presentation\" border=\"0\" width=\"100%\" cellspacing=\"0\" cellpadding=\"0\">\n<tbody>\n<tr>\n<td id=\"gutterContainerId-574\" class=\"mceGutterContainer\" valign=\"top\">\n<table role=\"presentation\" border=\"0\" width=\"100%\" cellspacing=\"0\" cellpadding=\"0\">\n<tbody>\n<tr>\n<td id=\"b574\" valign=\"top\">\n<table width=\"100%\">\n<tbody>\n<tr>\n<td class=\"mceTextBlockContainer\">\n<div id=\"d574\" class=\"mceText\" data-block-id=\"574\">\n<p class=\"last-child\"><strong>TRUCS &amp; ASTUCES: PRUDENCE ET BONNES PRATIQUES DANS LA \u00a0ZONE TAMPON<\/strong><\/p>\n<\/div>\n<\/td>\n<\/tr>\n<\/tbody>\n<\/table>\n<\/td>\n<\/tr>\n<\/tbody>\n<\/table>\n<\/td>\n<\/tr>\n<tr>\n<td id=\"gutterContainerId-549\" class=\"mceGutterContainer\" valign=\"top\">\n<table role=\"presentation\" border=\"0\" width=\"100%\" cellspacing=\"0\" cellpadding=\"0\">\n<tbody>\n<tr>\n<td id=\"b549\" valign=\"top\">\n<table width=\"100%\">\n<tbody>\n<tr>\n<td class=\"mceTextBlockContainer\">\n<div id=\"d549\" class=\"mceText\" data-block-id=\"549\">\n<p class=\"last-child\">Dans la zone tampon, les m\u00e9thodes d\u2019excavation douce sont pr\u00e9conis\u00e9es jusqu\u2019\u00e0 ce que l\u2019infrastructure souterraine soit localis\u00e9e visuellement.<\/p>\n<\/div>\n<\/td>\n<\/tr>\n<\/tbody>\n<\/table>\n<\/td>\n<\/tr>\n<\/tbody>\n<\/table>\n<\/td>\n<\/tr>\n<tr>\n<td id=\"gutterContainerId-550\" class=\"mceGutterContainer\" valign=\"top\">\n<table role=\"presentation\" border=\"0\" width=\"100%\" cellspacing=\"0\" cellpadding=\"0\">\n<tbody>\n<tr>\n<td id=\"b550\" class=\"mceLayoutContainer\" valign=\"top\">\n<table id=\"section_e03dbc6d44677fe74a49c2c87f3620f9\" class=\"mceLayout\" role=\"presentation\" border=\"0\" width=\"100%\" cellspacing=\"0\" cellpadding=\"0\" align=\"center\" data-block-id=\"550\">\n<tbody>\n<tr class=\"mceRow\">\n<td valign=\"top\">\n<table role=\"presentation\" border=\"0\" width=\"100%\" cellspacing=\"0\" cellpadding=\"0\">\n<tbody>\n<tr>\n<td id=\"mceColumnId--24\" class=\"mceColumn\" colspan=\"12\" valign=\"top\" width=\"100%\" data-block-id=\"-24\">\n<table role=\"presentation\" border=\"0\" width=\"100%\" cellspacing=\"0\" cellpadding=\"0\">\n<tbody>\n<tr>\n<td id=\"b-12\" align=\"center\" valign=\"top\">\n<table role=\"presentation\" border=\"0\" width=\"100%\" cellspacing=\"0\" cellpadding=\"0\" align=\"center\" data-block-id=\"-12\">\n<tbody>\n<tr class=\"mceRow\">\n<td valign=\"top\">\n<table role=\"presentation\" border=\"0\" width=\"100%\" cellspacing=\"0\" cellpadding=\"0\">\n<tbody>\n<tr>\n<td id=\"mceColumnId--30\" class=\"mceColumn\" colspan=\"12\" valign=\"top\" width=\"100%\" data-block-id=\"-30\">\n<table role=\"presentation\" border=\"0\" width=\"100%\" cellspacing=\"0\" cellpadding=\"0\">\n<tbody>\n<tr>\n<td id=\"b555\" valign=\"top\">\n<table role=\"presentation\" border=\"0\" width=\"100%\" cellspacing=\"0\" cellpadding=\"0\" align=\"center\" data-block-id=\"555\">\n<tbody>\n<tr class=\"mceRow\">\n<td valign=\"top\">\n<table role=\"presentation\" border=\"0\" width=\"100%\" cellspacing=\"24\" cellpadding=\"0\">\n<colgroup>\n<col span=\"1\" width=\"8.333333333333332%\" \/>\n<col span=\"1\" width=\"8.333333333333332%\" \/>\n<col span=\"1\" width=\"8.333333333333332%\" \/>\n<col span=\"1\" width=\"8.333333333333332%\" \/>\n<col span=\"1\" width=\"8.333333333333332%\" \/>\n<col span=\"1\" width=\"8.333333333333332%\" \/>\n<col span=\"1\" width=\"8.333333333333332%\" \/>\n<col span=\"1\" width=\"8.333333333333332%\" \/>\n<col span=\"1\" width=\"8.333333333333332%\" \/>\n<col span=\"1\" width=\"8.333333333333332%\" \/>\n<col span=\"1\" width=\"8.333333333333332%\" \/>\n<col span=\"1\" width=\"8.333333333333332%\" \/><\/colgroup>\n<tbody>\n<tr>\n<td id=\"mceColumnId-552\" class=\"mceColumn\" colspan=\"4\" valign=\"top\" width=\"33.33333333333333%\" data-block-id=\"552\">\n<table role=\"presentation\" border=\"0\" width=\"100%\" cellspacing=\"0\" cellpadding=\"0\">\n<tbody>\n<tr>\n<td id=\"b711\" class=\"mceImageBlockContainer\" align=\"center\" valign=\"top\">\n<div><\/div>\n<table role=\"presentation\" border=\"0\" width=\"85%\" cellspacing=\"0\" cellpadding=\"0\" align=\"center\" data-testid=\"image-711\">\n<tbody>\n<tr>\n<td valign=\"top\"><img decoding=\"async\" id=\"54c18d76-ba4f-44db-84bc-9fe864de9ca4\" class=\"imageDropZone mceImage lazyload\" data-src=\"https:\/\/dim.mcusercontent.com\/cs\/9f6d50bb86923bf7f448ba775\/images\/b3ffe8b2-b24a-b3de-1861-52ee7ff3ad7d.png?dpr=2&amp;rect=0%2C33%2C232%2C284&amp;w=188&amp;h=230\" alt=\"\" width=\"159.79999999999998\" height=\"auto\" src=\"data:image\/svg+xml;base64,PHN2ZyB3aWR0aD0iMSIgaGVpZ2h0PSIxIiB4bWxucz0iaHR0cDovL3d3dy53My5vcmcvMjAwMC9zdmciPjwvc3ZnPg==\"><\/td>\n<\/tr>\n<\/tbody>\n<\/table>\n<div><\/div>\n<div><\/div>\n<\/td>\n<\/tr>\n<\/tbody>\n<\/table>\n<\/td>\n<td id=\"mceColumnId-554\" class=\"mceColumn\" colspan=\"8\" valign=\"top\" width=\"66.66666666666666%\" data-block-id=\"554\">\n<table role=\"presentation\" border=\"0\" width=\"100%\" cellspacing=\"0\" cellpadding=\"0\">\n<tbody>\n<tr>\n<td id=\"gutterContainerId-717\" class=\"mceGutterContainer\" valign=\"top\">\n<table role=\"presentation\" border=\"0\" width=\"100%\" cellspacing=\"0\" cellpadding=\"0\">\n<tbody>\n<tr>\n<td id=\"b717\" valign=\"top\">\n<table width=\"100%\">\n<tbody>\n<tr>\n<td class=\"mceTextBlockContainer\">\n<div id=\"d717\" class=\"mceText\" data-block-id=\"717\">\n<p>Toutefois, ces m\u00e9thodes doivent \u00eatre utilis\u00e9es avec pr\u00e9caution et certains crit\u00e8res doivent \u00eatre respect\u00e9s.<\/p>\n<p class=\"mcePastedContent last-child\">Les directives de sept propri\u00e9taires d\u2019infrastructures pr\u00e9cisent notamment\u00a0<strong>les exigences en mati\u00e8re de technique, de pression, d\u2019\u00e9quipement et de comp\u00e9tence des op\u00e9rateurs<\/strong>. Ces \u00e9l\u00e9ments ont d\u2019ailleurs \u00e9t\u00e9 bonifi\u00e9s dans la version 2026.<\/p>\n<\/div>\n<\/td>\n<\/tr>\n<\/tbody>\n<\/table>\n<\/td>\n<\/tr>\n<\/tbody>\n<\/table>\n<\/td>\n<\/tr>\n<\/tbody>\n<\/table>\n<\/td>\n<\/tr>\n<\/tbody>\n<\/table>\n<\/td>\n<\/tr>\n<\/tbody>\n<\/table>\n<\/td>\n<\/tr>\n<\/tbody>\n<\/table>\n<\/td>\n<\/tr>\n<\/tbody>\n<\/table>\n<\/td>\n<\/tr>\n<\/tbody>\n<\/table>\n<\/td>\n<\/tr>\n<\/tbody>\n<\/table>\n<\/td>\n<\/tr>\n<\/tbody>\n<\/table>\n<\/td>\n<\/tr>\n<\/tbody>\n<\/table>\n<\/td>\n<\/tr>\n<\/tbody>\n<\/table>\n<\/td>\n<\/tr>\n<tr>\n<td id=\"gutterContainerId-714\" class=\"mceGutterContainer\" valign=\"top\">\n<table role=\"presentation\" border=\"0\" width=\"100%\" cellspacing=\"0\" cellpadding=\"0\">\n<tbody>\n<tr>\n<td id=\"b714\" valign=\"top\">\n<table width=\"100%\">\n<tbody>\n<tr>\n<td class=\"mceTextBlockContainer\">\n<div id=\"d714\" class=\"mceText\" data-block-id=\"714\">\n<p class=\"last-child\">\ud83d\udc49 Avant vos prochains travaux, prenez quelques minutes pour consulter la\u00a0<strong>section 3.2<\/strong>\u00a0afin de vous assurer d\u2019appliquer les bonnes pratiques!<\/p>\n<\/div>\n<\/td>\n<\/tr>\n<\/tbody>\n<\/table>\n<\/td>\n<\/tr>\n<\/tbody>\n<\/table>\n<\/td>\n<\/tr>\n<\/tbody>\n<\/table>\n<\/div><\/div><\/div><div class=\"fusion-layout-column fusion_builder_column fusion-builder-column-1 fusion_builder_column_1_2 1_2 fusion-flex-column\" style=\"--awb-bg-size:cover;--awb-width-large:50%;--awb-margin-top-large:0px;--awb-spacing-right-large:3.84%;--awb-margin-bottom-large:20px;--awb-spacing-left-large:3.84%;--awb-width-medium:50%;--awb-order-medium:0;--awb-spacing-right-medium:3.84%;--awb-spacing-left-medium:3.84%;--awb-width-small:100%;--awb-order-small:0;--awb-spacing-right-small:1.92%;--awb-spacing-left-small:1.92%;\"><div class=\"fusion-column-wrapper fusion-column-has-shadow fusion-flex-justify-content-flex-start fusion-content-layout-column\">[wpmf_avada_pdf_embed url=\u00a0\u00bbhttps:\/\/cfcquebec.ca\/wp-content\/uploads\/2026\/03\/Infolettre-de-mars.pdf\u00a0\u00bb embed=\u00a0\u00bbon\u00a0\u00bb target=\u00a0\u00bbself\u00a0\u00bb \/]<\/div><\/div><\/div><\/div>\n","protected":false},"excerpt":{"rendered":"","protected":false},"author":7,"featured_media":0,"parent":0,"menu_order":0,"comment_status":"closed","ping_status":"closed","template":"100-width.php","meta":{"footnotes":""},"class_list":["post-8571","page","type-page","status-publish","hentry"],"_links":{"self":[{"href":"https:\/\/cfcquebec.ca\/en\/wp-json\/wp\/v2\/pages\/8571","targetHints":{"allow":["GET"]}}],"collection":[{"href":"https:\/\/cfcquebec.ca\/en\/wp-json\/wp\/v2\/pages"}],"about":[{"href":"https:\/\/cfcquebec.ca\/en\/wp-json\/wp\/v2\/types\/page"}],"author":[{"embeddable":true,"href":"https:\/\/cfcquebec.ca\/en\/wp-json\/wp\/v2\/users\/7"}],"replies":[{"embeddable":true,"href":"https:\/\/cfcquebec.ca\/en\/wp-json\/wp\/v2\/comments?post=8571"}],"version-history":[{"count":0,"href":"https:\/\/cfcquebec.ca\/en\/wp-json\/wp\/v2\/pages\/8571\/revisions"}],"wp:attachment":[{"href":"https:\/\/cfcquebec.ca\/en\/wp-json\/wp\/v2\/media?parent=8571"}],"curies":[{"name":"wp","href":"https:\/\/api.w.org\/{rel}","templated":true}]}}