{"id":21104,"date":"2021-01-14T10:58:32","date_gmt":"2021-01-14T10:58:32","guid":{"rendered":"https:\/\/avadawebsites.wpengine.com\/country-butcher\/?page_id=20"},"modified":"2025-04-07T13:18:03","modified_gmt":"2025-04-07T13:18:03","slug":"my-account","status":"publish","type":"page","link":"https:\/\/cfcquebec.ca\/shop\/en\/my-account","title":{"rendered":"My Account"},"content":{"rendered":"<div data-elementor-type=\"wp-page\" data-elementor-id=\"21104\" class=\"elementor elementor-21104\">\n\t\t\t\t<div class=\"elementor-element elementor-element-ced79e9 e-flex e-con-boxed e-con e-parent\" data-id=\"ced79e9\" data-element_type=\"container\" data-e-type=\"container\">\n\t\t\t\t\t<div class=\"e-con-inner\">\n\t\t\t\t<div class=\"elementor-element elementor-element-9476689 elementor-widget elementor-widget-heading\" data-id=\"9476689\" data-element_type=\"widget\" data-e-type=\"widget\" data-widget_type=\"heading.default\">\n\t\t\t\t<div class=\"elementor-widget-container\">\n\t\t\t\t\t<h1 class=\"elementor-heading-title elementor-size-default\">My Account<\/h1>\t\t\t\t<\/div>\n\t\t\t\t<\/div>\n\t\t\t\t\t<\/div>\n\t\t\t\t<\/div>\n\t\t<div class=\"elementor-element elementor-element-35a5e09 e-flex e-con-boxed e-con e-parent\" data-id=\"35a5e09\" data-element_type=\"container\" data-e-type=\"container\">\n\t\t\t\t\t<div class=\"e-con-inner\">\n\t\t\t\t<div class=\"elementor-element elementor-element-5243d42 elementor-widget elementor-widget-heading\" data-id=\"5243d42\" data-element_type=\"widget\" data-e-type=\"widget\" data-widget_type=\"heading.default\">\n\t\t\t\t<div class=\"elementor-widget-container\">\n\t\t\t\t\t<h2 class=\"elementor-heading-title elementor-size-default\">My account<\/h2>\t\t\t\t<\/div>\n\t\t\t\t<\/div>\n\t\t\t\t\t<\/div>\n\t\t\t\t<\/div>\n\t\t<div class=\"elementor-element elementor-element-b6a3e65 e-flex e-con-boxed e-con e-parent\" data-id=\"b6a3e65\" data-element_type=\"container\" data-e-type=\"container\">\n\t\t\t\t\t<div class=\"e-con-inner\">\n\t\t\t\t<div class=\"elementor-element elementor-element-82db28b elementor-widget__width-initial elementor-widget elementor-widget-shortcode\" data-id=\"82db28b\" data-element_type=\"widget\" data-e-type=\"widget\" data-widget_type=\"shortcode.default\">\n\t\t\t\t<div class=\"elementor-widget-container\">\n\t\t\t\t\t\t\t<div class=\"elementor-shortcode\"><div class=\"woocommerce\"><\/div><\/div>\n\t\t\t\t\t\t<\/div>\n\t\t\t\t<\/div>\n\t\t\t\t\t<\/div>\n\t\t\t\t<\/div>\n\t\t\t\t<\/div>","protected":false},"excerpt":{"rendered":"<p>Mon Compte Modifier l&rsquo;adresse Mode de paiement Commandes r\u00e9centes T\u00e9l\u00e9  [&#8230;]<\/p>\n","protected":false},"author":1,"featured_media":0,"parent":0,"menu_order":12,"comment_status":"closed","ping_status":"closed","template":"","meta":{"_crdt_document":"","footnotes":""},"ppma_author":[418],"class_list":["post-21104","page","type-page","status-publish","hentry"],"_links":{"self":[{"href":"https:\/\/cfcquebec.ca\/shop\/en\/wp-json\/wp\/v2\/pages\/21104","targetHints":{"allow":["GET"]}}],"collection":[{"href":"https:\/\/cfcquebec.ca\/shop\/en\/wp-json\/wp\/v2\/pages"}],"about":[{"href":"https:\/\/cfcquebec.ca\/shop\/en\/wp-json\/wp\/v2\/types\/page"}],"author":[{"embeddable":true,"href":"https:\/\/cfcquebec.ca\/shop\/en\/wp-json\/wp\/v2\/users\/1"}],"replies":[{"embeddable":true,"href":"https:\/\/cfcquebec.ca\/shop\/en\/wp-json\/wp\/v2\/comments?post=21104"}],"version-history":[{"count":0,"href":"https:\/\/cfcquebec.ca\/shop\/en\/wp-json\/wp\/v2\/pages\/21104\/revisions"}],"wp:attachment":[{"href":"https:\/\/cfcquebec.ca\/shop\/en\/wp-json\/wp\/v2\/media?parent=21104"}],"wp:term":[{"taxonomy":"author","embeddable":true,"href":"https:\/\/cfcquebec.ca\/shop\/en\/wp-json\/wp\/v2\/ppma_author?post=21104"}],"curies":[{"name":"wp","href":"https:\/\/api.w.org\/{rel}","templated":true}]}}