{"id":21843,"date":"2026-01-28T18:49:17","date_gmt":"2026-01-28T23:49:17","guid":{"rendered":"https:\/\/cfcquebec.ca\/shop\/?post_type=product&#038;p=21843"},"modified":"2026-01-28T22:35:49","modified_gmt":"2026-01-29T03:35:49","slug":"porte-simple-2115-iron-eagle","status":"publish","type":"product","link":"https:\/\/cfcquebec.ca\/shop\/en\/product\/porte-simple-2115-iron-eagle","title":{"rendered":"Porte simple 2115 Iron eagle 42X48&Prime;"},"content":{"rendered":"<h3 data-start=\"207\" data-end=\"289\">Porte Eagle Iron #2115 \u2013<\/h3>\n<h3 data-start=\"1238\" data-end=\"1278\">Bundle 3 \u2014 <strong data-start=\"1256\" data-end=\"1278\">Pro \/ Installateur<\/strong><\/h3>\n<h3 data-start=\"207\" data-end=\"289\">42&Prime;largeurX48&Prime;hauteur<\/h3>\n<p data-start=\"290\" data-end=\"310\"><strong data-start=\"290\" data-end=\"310\">Par CFC S\u00e9curit\u00e9<\/strong><\/p>\n<h3 data-start=\"1238\" data-end=\"1278\">Bundle 3 \u2014 <strong data-start=\"1256\" data-end=\"1278\">Pro \/ Installateur<\/strong><\/h3>\n<p data-start=\"1279\" data-end=\"1345\"><strong data-start=\"1279\" data-end=\"1295\">Ideal for :<\/strong> entrepreneurs, installateurs, projets multiples<\/p>\n<p data-start=\"1347\" data-end=\"1355\">Inclus :<\/p>\n<ul data-start=\"1356\" data-end=\"1525\">\n<li data-start=\"1356\" data-end=\"1413\">\n<p data-start=\"1358\" data-end=\"1413\">\u2714\ufe0f <strong data-start=\"1361\" data-end=\"1411\">Charni\u00e8res auto-fermantes integr\u00e9es polimer(grade commercial l\u00e9ger)<\/strong><\/p>\n<\/li>\n<li data-start=\"1414\" data-end=\"1459\">\n<p data-start=\"1416\" data-end=\"1459\">\u2714\ufe0f <strong data-start=\"1419\" data-end=\"1457\">Loquet s\u00e9curitaire avec option cl\u00e9<\/strong><\/p>\n<\/li>\n<li data-start=\"1494\" data-end=\"1525\">\n<p data-start=\"1496\" data-end=\"1525\">\u2714\ufe0f <strong data-start=\"1499\" data-end=\"1525\">Quincaillerie compl\u00e8te prette a pendre<\/strong><\/p>\n<\/li>\n<\/ul>\n<p data-start=\"1527\" data-end=\"1594\">\ud83d\udc49 Con\u00e7u pour une utilisation intensive et une long\u00e9vit\u00e9 maximale<\/p>\n<p data-start=\"1527\" data-end=\"1594\"><img fetchpriority=\"high\" decoding=\"async\" class=\"alignnone wp-image-21847\" src=\"https:\/\/cfcquebec.ca\/shop\/wp-content\/uploads\/2026\/01\/gatekit.webp\" alt=\"\" width=\"228\" height=\"228\" srcset=\"https:\/\/cfcquebec.ca\/shop\/wp-content\/uploads\/2026\/01\/gatekit-12x12.webp 12w, https:\/\/cfcquebec.ca\/shop\/wp-content\/uploads\/2026\/01\/gatekit-66x66.webp 66w, https:\/\/cfcquebec.ca\/shop\/wp-content\/uploads\/2026\/01\/gatekit-150x150.webp 150w, https:\/\/cfcquebec.ca\/shop\/wp-content\/uploads\/2026\/01\/gatekit-200x200.webp 200w, https:\/\/cfcquebec.ca\/shop\/wp-content\/uploads\/2026\/01\/gatekit-400x400.webp 400w, https:\/\/cfcquebec.ca\/shop\/wp-content\/uploads\/2026\/01\/gatekit-500x500.webp 500w, https:\/\/cfcquebec.ca\/shop\/wp-content\/uploads\/2026\/01\/gatekit-600x600.webp 600w, https:\/\/cfcquebec.ca\/shop\/wp-content\/uploads\/2026\/01\/gatekit-700x700.webp 700w, https:\/\/cfcquebec.ca\/shop\/wp-content\/uploads\/2026\/01\/gatekit-768x768.webp 768w, https:\/\/cfcquebec.ca\/shop\/wp-content\/uploads\/2026\/01\/gatekit-800x800.webp 800w, https:\/\/cfcquebec.ca\/shop\/wp-content\/uploads\/2026\/01\/gatekit.webp 1080w\" sizes=\"(max-width: 228px) 100vw, 228px\" \/><\/p>\n<p data-start=\"322\" data-end=\"724\">La <strong data-start=\"325\" data-end=\"354\">barri\u00e8re Eagle Iron #2115<\/strong> est con\u00e7ue pour une utilisation en <strong data-start=\"390\" data-end=\"426\">cl\u00f4ture de piscine r\u00e9sidentielle<\/strong>, conform\u00e9ment aux exigences g\u00e9n\u00e9rales du <strong data-start=\"468\" data-end=\"535\">R\u00e8glement sur la s\u00e9curit\u00e9 des piscines r\u00e9sidentielles du Qu\u00e9bec<\/strong> lorsqu\u2019elle est install\u00e9e avec les composantes appropri\u00e9es. Elle offre une combinaison id\u00e9ale de <strong data-start=\"633\" data-end=\"671\">s\u00e9curit\u00e9, durabilit\u00e9 et esth\u00e9tique<\/strong> pour les projets r\u00e9sidentiels et commerciaux l\u00e9gers.<\/p>\n<p data-start=\"726\" data-end=\"1045\">Fabriqu\u00e9e en <strong data-start=\"739\" data-end=\"797\">acier Galvalume\u2122 ou en aluminium avec fini thermolaqu\u00e9<\/strong>, cette barri\u00e8re r\u00e9siste efficacement \u00e0 la corrosion, \u00e0 l\u2019humidit\u00e9 et aux intemp\u00e9ries. La #2115 est compatible avec des <strong data-start=\"917\" data-end=\"987\">syst\u00e8mes de fermeture automatique et loquets de s\u00e9curit\u00e9 conformes<\/strong>, permettant de limiter l\u2019acc\u00e8s non autoris\u00e9 \u00e0 la piscine.<\/p>\n<p data-start=\"1047\" data-end=\"1327\">Disponible en <strong data-start=\"1061\" data-end=\"1095\">configuration simple ou double<\/strong>, la barri\u00e8re Eagle Iron #2115 s\u2019int\u00e8gre parfaitement aux syst\u00e8mes de cl\u00f4tures ornementales pour piscines. Elle est offerte en dimensions standards et peut \u00eatre adapt\u00e9e \u00e0 diff\u00e9rentes largeurs d\u2019ouverture selon les besoins du projet.<\/p>\n<p data-start=\"1329\" data-end=\"1570\">\ud83d\udee0\ufe0f <strong data-start=\"1333\" data-end=\"1353\">Conseil d\u2019expert<\/strong> : Pour assurer une installation conforme aux normes du Qu\u00e9bec, <strong data-start=\"1417\" data-end=\"1433\">CFC S\u00e9curit\u00e9<\/strong> recommande de respecter les hauteurs minimales, d\u00e9gagements r\u00e9glementaires et dispositifs de verrouillage exig\u00e9s lors de l\u2019installation.<\/p>\n<hr data-start=\"1572\" data-end=\"1575\" \/>\n<h3 data-start=\"1577\" data-end=\"1596\">\ud83d\udd0e Id\u00e9al pour :<\/h3>\n<ul data-start=\"1597\" data-end=\"1776\">\n<li data-start=\"1597\" data-end=\"1635\">\n<p data-start=\"1599\" data-end=\"1635\">Cl\u00f4tures de piscine r\u00e9sidentielles<\/p>\n<\/li>\n<li data-start=\"1636\" data-end=\"1678\">\n<p data-start=\"1638\" data-end=\"1678\">Projets de mise aux normes municipales<\/p>\n<\/li>\n<li data-start=\"1679\" data-end=\"1728\">\n<p data-start=\"1681\" data-end=\"1728\">Remplacement ou ajout de barri\u00e8re s\u00e9curitaire<\/p>\n<\/li>\n<li data-start=\"1729\" data-end=\"1776\">\n<p data-start=\"1731\" data-end=\"1776\">Cl\u00f4tures ornementales avec contr\u00f4le d\u2019acc\u00e8s<\/p>\n<\/li>\n<\/ul>","protected":false},"excerpt":{"rendered":"<p>Disponible en <strong data-start=\"1061\" data-end=\"1095\">configuration simple ou double<\/strong>, la porte Eagle Iron #2115 s\u2019int\u00e8gre parfaitement aux syst\u00e8mes de cl\u00f4tures ornementales pour piscines. Elle est offerte en dimensions standards et peut \u00eatre adapt\u00e9e \u00e0 diff\u00e9rentes largeurs d\u2019ouverture selon les besoins du projet.<\/p>","protected":false},"author":3,"featured_media":21844,"comment_status":"open","ping_status":"closed","template":"","meta":{"_crdt_document":""},"product_brand":[425],"product_cat":[430,410],"product_tag":[],"ppma_author":[424],"class_list":{"0":"post-21843","1":"product","2":"type-product","3":"status-publish","4":"has-post-thumbnail","6":"product_brand-iron-eagle","7":"product_cat-portes","8":"product_cat-cloture-piscine","9":"product_shipping_class-volumineux","10":"pa_color-noir","12":"first","13":"instock","14":"taxable","15":"shipping-taxable","16":"purchasable","17":"product-type-variable"},"_links":{"self":[{"href":"https:\/\/cfcquebec.ca\/shop\/en\/wp-json\/wp\/v2\/product\/21843","targetHints":{"allow":["GET"]}}],"collection":[{"href":"https:\/\/cfcquebec.ca\/shop\/en\/wp-json\/wp\/v2\/product"}],"about":[{"href":"https:\/\/cfcquebec.ca\/shop\/en\/wp-json\/wp\/v2\/types\/product"}],"author":[{"embeddable":true,"href":"https:\/\/cfcquebec.ca\/shop\/en\/wp-json\/wp\/v2\/users\/3"}],"replies":[{"embeddable":true,"href":"https:\/\/cfcquebec.ca\/shop\/en\/wp-json\/wp\/v2\/comments?post=21843"}],"wp:featuredmedia":[{"embeddable":true,"href":"https:\/\/cfcquebec.ca\/shop\/en\/wp-json\/wp\/v2\/media\/21844"}],"wp:attachment":[{"href":"https:\/\/cfcquebec.ca\/shop\/en\/wp-json\/wp\/v2\/media?parent=21843"}],"wp:term":[{"taxonomy":"product_brand","embeddable":true,"href":"https:\/\/cfcquebec.ca\/shop\/en\/wp-json\/wp\/v2\/product_brand?post=21843"},{"taxonomy":"product_cat","embeddable":true,"href":"https:\/\/cfcquebec.ca\/shop\/en\/wp-json\/wp\/v2\/product_cat?post=21843"},{"taxonomy":"product_tag","embeddable":true,"href":"https:\/\/cfcquebec.ca\/shop\/en\/wp-json\/wp\/v2\/product_tag?post=21843"},{"taxonomy":"author","embeddable":true,"href":"https:\/\/cfcquebec.ca\/shop\/en\/wp-json\/wp\/v2\/ppma_author?post=21843"}],"curies":[{"name":"wp","href":"https:\/\/api.w.org\/{rel}","templated":true}]}}