{"id":21442,"date":"2025-03-24T20:24:52","date_gmt":"2025-03-24T20:24:52","guid":{"rendered":"https:\/\/cfcquebec.ca\/shop\/?page_id=21442"},"modified":"2025-03-26T17:34:37","modified_gmt":"2025-03-26T17:34:37","slug":"notre-histoire","status":"publish","type":"page","link":"https:\/\/cfcquebec.ca\/shop\/notre-histoire\/","title":{"rendered":"Notre histoire"},"content":{"rendered":"<div class=\"fusion-fullwidth fullwidth-box fusion-builder-row-1 fusion-flex-container has-pattern-background has-mask-background nonhundred-percent-fullwidth non-hundred-percent-height-scrolling\" style=\"--awb-border-radius-top-left:0px;--awb-border-radius-top-right:0px;--awb-border-radius-bottom-right:0px;--awb-border-radius-bottom-left:0px;--awb-flex-wrap:wrap;\" ><div class=\"fusion-builder-row fusion-row fusion-flex-align-items-flex-start fusion-flex-content-wrap\" style=\"max-width:1248px;margin-left: calc(-4% \/ 2 );margin-right: calc(-4% \/ 2 );\"><div class=\"fusion-layout-column fusion_builder_column fusion-builder-column-0 fusion_builder_column_3_4 3_4 fusion-flex-column\" style=\"--awb-bg-size:cover;--awb-width-large:75%;--awb-margin-top-large:0px;--awb-spacing-right-large:2.56%;--awb-margin-bottom-large:20px;--awb-spacing-left-large:2.56%;--awb-width-medium:75%;--awb-order-medium:0;--awb-spacing-right-medium:2.56%;--awb-spacing-left-medium:2.56%;--awb-width-small:100%;--awb-order-small:0;--awb-spacing-right-small:1.92%;--awb-spacing-left-small:1.92%;\"><div class=\"fusion-column-wrapper fusion-column-has-shadow fusion-flex-justify-content-flex-start fusion-content-layout-column\"><div class=\"fusion-text fusion-text-1\"><h2 class=\"\" data-start=\"244\" data-end=\"267\"><\/h2>\n<h3 class=\"\" data-start=\"174\" data-end=\"222\"><strong data-start=\"178\" data-end=\"220\">CFC Inc. \u2013 Votre R\u00e9f\u00e9rence en Cl\u00f4tures<\/strong><\/h3>\n<p class=\"\" data-start=\"224\" data-end=\"602\">Depuis plus de <strong data-start=\"239\" data-end=\"249\">45 ans<\/strong>, <strong data-start=\"251\" data-end=\"270\">Benoit Bessette<\/strong>, fondateur de <strong data-start=\"285\" data-end=\"297\">CFC Inc.<\/strong>, s\u2019impose comme un expert incontournable du domaine de la cl\u00f4ture dans les r\u00e9gions de <strong data-start=\"384\" data-end=\"429\">Granby, Bromont, Cowansville et Lac-Brome<\/strong>. Son engagement et son expertise sont au service des particuliers, entreprises et industries d\u00e9sireuses de <strong data-start=\"537\" data-end=\"599\">s\u00e9curiser, structurer et embellir leurs espaces ext\u00e9rieurs<\/strong>.<\/p>\n<p class=\"\" data-start=\"604\" data-end=\"900\">Auparavant connue sous le nom <strong data-start=\"634\" data-end=\"653\">Cl\u00f4tures D\u00e9ziel<\/strong>, l\u2019entreprise a \u00e9volu\u00e9 pour devenir <strong data-start=\"690\" data-end=\"702\">CFC Inc.<\/strong>, \u00e9largissant son offre \u00e0 <strong data-start=\"728\" data-end=\"813\">l\u2019installation, l\u2019automatisation de cl\u00f4tures et une boutique en ligne sp\u00e9cialis\u00e9e<\/strong> pour ceux qui souhaitent r\u00e9aliser leur projet eux-m\u00eames avec des mat\u00e9riaux durables.<\/p>\n<h3 class=\"\" data-start=\"902\" data-end=\"960\"><strong data-start=\"906\" data-end=\"958\">Des Solutions Compl\u00e8tes, Un Service Personnalis\u00e9<\/strong><\/h3>\n<p class=\"\" data-start=\"962\" data-end=\"1090\">Chez <strong data-start=\"967\" data-end=\"979\">CFC Inc.<\/strong>, nous allions savoir-faire traditionnel et innovations modernes pour r\u00e9pondre aux besoins de chaque client :<\/p>\n<p class=\"\" data-start=\"1092\" data-end=\"1549\">\u2714 <strong data-start=\"1094\" data-end=\"1125\">Pose de cl\u00f4tures sur mesure<\/strong> \u2013 Que ce soit pour un usage r\u00e9sidentiel, commercial ou industriel, nous avons la solution adapt\u00e9e.<br data-start=\"1224\" data-end=\"1227\" \/>\u2714 <strong data-start=\"1229\" data-end=\"1259\">Automatisation de portails<\/strong> \u2013 Des acc\u00e8s s\u00e9curis\u00e9s et performants gr\u00e2ce \u00e0 des syst\u00e8mes fiables.<br data-start=\"1326\" data-end=\"1329\" \/>\u2714 <strong data-start=\"1331\" data-end=\"1352\">Boutique en ligne<\/strong> \u2013 Une s\u00e9lection de mat\u00e9riaux robustes pour mener \u00e0 bien vos projets.<br data-start=\"1421\" data-end=\"1424\" \/>\u2714 <strong data-start=\"1426\" data-end=\"1462\">Approche locale et personnalis\u00e9e<\/strong> \u2013 Nous comprenons les sp\u00e9cificit\u00e9s du territoire et offrons un service de proximit\u00e9.<\/p>\n<h3 class=\"\" data-start=\"1551\" data-end=\"1587\"><strong data-start=\"1555\" data-end=\"1585\">Pourquoi choisir CFC Inc.?<\/strong><\/h3>\n<p class=\"\" data-start=\"1589\" data-end=\"2014\">\u2705 <strong data-start=\"1591\" data-end=\"1620\">Un savoir-faire de 46 ans<\/strong> \u2013 Une expertise reconnue dans le domaine.<br data-start=\"1662\" data-end=\"1665\" \/>\u2705 <strong data-start=\"1667\" data-end=\"1699\">Une pr\u00e9sence r\u00e9gionale forte<\/strong> \u2013 Ancr\u00e9e dans la communaut\u00e9 locale.<br data-start=\"1735\" data-end=\"1738\" \/>\u2705 <strong data-start=\"1740\" data-end=\"1774\">Des mat\u00e9riaux de haute qualit\u00e9<\/strong> \u2013 R\u00e9sistants aux conditions climatiques du Qu\u00e9bec.<br data-start=\"1825\" data-end=\"1828\" \/>\u2705 <strong data-start=\"1830\" data-end=\"1856\">Un service cl\u00e9 en main<\/strong> \u2013 Installation, automatisation et vente en ligne accessibles en quelques clics.<br data-start=\"1936\" data-end=\"1939\" \/>\u2705 <strong data-start=\"1941\" data-end=\"1963\">Une \u00e9quipe engag\u00e9e<\/strong> \u2013 Votre satisfaction est notre priorit\u00e9 absolue.<\/p>\n<p class=\"\" data-start=\"2016\" data-end=\"2163\">Implant\u00e9s dans votre r\u00e9gion, nous accompagnons nos clients <strong data-start=\"2075\" data-end=\"2100\">de Granby \u00e0 Lac-Brome<\/strong> depuis plus de <strong data-start=\"2116\" data-end=\"2126\">15 ans<\/strong> avec passion et professionnalisme.<\/p>\n<p class=\"\" data-start=\"2165\" data-end=\"2237\">\ud83d\udcde <strong data-start=\"2168\" data-end=\"2235\">Pr\u00eat \u00e0 concr\u00e9tiser votre projet? Contactez-nous d\u00e8s maintenant!<\/strong><\/p>\n<\/div><\/div><\/div><div class=\"fusion-layout-column fusion_builder_column fusion-builder-column-1 fusion_builder_column_1_4 1_4 fusion-flex-column\" style=\"--awb-bg-size:cover;--awb-width-large:25%;--awb-margin-top-large:0px;--awb-spacing-right-large:7.68%;--awb-margin-bottom-large:20px;--awb-spacing-left-large:7.68%;--awb-width-medium:25%;--awb-order-medium:0;--awb-spacing-right-medium:7.68%;--awb-spacing-left-medium:7.68%;--awb-width-small:100%;--awb-order-small:0;--awb-spacing-right-small:1.92%;--awb-spacing-left-small:1.92%;\"><div class=\"fusion-column-wrapper fusion-column-has-shadow fusion-flex-justify-content-flex-start fusion-content-layout-column\"><div class=\"fusion-image-element \" style=\"--awb-caption-title-font-family:var(--h2_typography-font-family);--awb-caption-title-font-weight:var(--h2_typography-font-weight);--awb-caption-title-font-style:var(--h2_typography-font-style);--awb-caption-title-size:var(--h2_typography-font-size);--awb-caption-title-transform:var(--h2_typography-text-transform);--awb-caption-title-line-height:var(--h2_typography-line-height);--awb-caption-title-letter-spacing:var(--h2_typography-letter-spacing);\"><span class=\" fusion-imageframe imageframe-none imageframe-1 hover-type-none\"><img fetchpriority=\"high\" fetchpriority=\"high\" decoding=\"async\" width=\"300\" height=\"300\" title=\"Pool-Fence-Frameless2\" src=\"https:\/\/forestgreen-boar-745836.hostingersite.com\/wp-content\/uploads\/2025\/03\/Pool-Fence-Frameless2-300x300.jpg\" alt class=\"img-responsive wp-image-20752\" srcset=\"https:\/\/cfcquebec.ca\/shop\/wp-content\/uploads\/2025\/03\/Pool-Fence-Frameless2-200x200.jpg 200w, https:\/\/cfcquebec.ca\/shop\/wp-content\/uploads\/2025\/03\/Pool-Fence-Frameless2-400x400.jpg 400w, https:\/\/cfcquebec.ca\/shop\/wp-content\/uploads\/2025\/03\/Pool-Fence-Frameless2.jpg 500w\" sizes=\"(max-width: 640px) 100vw, 400px\" \/><\/span><\/div><\/div><\/div><\/div><\/div>\n","protected":false},"excerpt":{"rendered":"","protected":false},"author":1,"featured_media":0,"parent":0,"menu_order":0,"comment_status":"closed","ping_status":"open","template":"100-width.php","meta":{"_crdt_document":"","footnotes":""},"ppma_author":[418],"class_list":["post-21442","page","type-page","status-publish","hentry"],"_links":{"self":[{"href":"https:\/\/cfcquebec.ca\/shop\/wp-json\/wp\/v2\/pages\/21442","targetHints":{"allow":["GET"]}}],"collection":[{"href":"https:\/\/cfcquebec.ca\/shop\/wp-json\/wp\/v2\/pages"}],"about":[{"href":"https:\/\/cfcquebec.ca\/shop\/wp-json\/wp\/v2\/types\/page"}],"author":[{"embeddable":true,"href":"https:\/\/cfcquebec.ca\/shop\/wp-json\/wp\/v2\/users\/1"}],"replies":[{"embeddable":true,"href":"https:\/\/cfcquebec.ca\/shop\/wp-json\/wp\/v2\/comments?post=21442"}],"version-history":[{"count":0,"href":"https:\/\/cfcquebec.ca\/shop\/wp-json\/wp\/v2\/pages\/21442\/revisions"}],"wp:attachment":[{"href":"https:\/\/cfcquebec.ca\/shop\/wp-json\/wp\/v2\/media?parent=21442"}],"wp:term":[{"taxonomy":"author","embeddable":true,"href":"https:\/\/cfcquebec.ca\/shop\/wp-json\/wp\/v2\/ppma_author?post=21442"}],"curies":[{"name":"wp","href":"https:\/\/api.w.org\/{rel}","templated":true}]}}