{"id":20790,"date":"2025-03-02T16:49:01","date_gmt":"2025-03-02T16:49:01","guid":{"rendered":"https:\/\/cfcquebec.ca\/shop\/?post_type=product&#038;p=20790"},"modified":"2026-03-11T15:31:00","modified_gmt":"2026-03-11T19:31:00","slug":"cloture-frost","status":"publish","type":"product","link":"https:\/\/cfcquebec.ca\/shop\/product\/cloture-frost","title":{"rendered":"Cl\u00f4ture frost couleur"},"content":{"rendered":"<div class=\"fusion-fullwidth fullwidth-box fusion-builder-row-1 fusion-flex-container nonhundred-percent-fullwidth non-hundred-percent-height-scrolling\" style=\"--awb-border-radius-top-left:0px;--awb-border-radius-top-right:0px;--awb-border-radius-bottom-right:0px;--awb-border-radius-bottom-left:0px;--awb-flex-wrap:wrap;\" ><div class=\"fusion-builder-row fusion-row fusion-flex-align-items-flex-start fusion-flex-content-wrap\" style=\"max-width:1248px;margin-left: calc(-4% \/ 2 );margin-right: calc(-4% \/ 2 );\"><div class=\"fusion-layout-column fusion_builder_column fusion-builder-column-0 fusion_builder_column_1_1 1_1 fusion-flex-column\" style=\"--awb-bg-blend:overlay;--awb-bg-size:cover;--awb-width-large:100%;--awb-margin-top-large:0px;--awb-spacing-right-large:1.92%;--awb-margin-bottom-large:0px;--awb-spacing-left-large:1.92%;--awb-width-medium:100%;--awb-spacing-right-medium:1.92%;--awb-spacing-left-medium:1.92%;--awb-width-small:100%;--awb-spacing-right-small:1.92%;--awb-spacing-left-small:1.92%;\"><div class=\"fusion-column-wrapper fusion-flex-justify-content-flex-start fusion-content-layout-column\"><div class=\"fusion-text fusion-text-1\"><h3 class=\"\" data-start=\"124\" data-end=\"203\"><strong data-start=\"128\" data-end=\"203\">Cl\u00f4ture frost r\u00e9sistante \u2013 Plusieurs hauteurs disponibles <span style=\"color: #ff6600;\">Rouleaux de 50&prime;<\/span><\/strong><\/h3>\n<p class=\"\" data-start=\"205\" data-end=\"466\"><strong data-start=\"205\" data-end=\"306\">Prot\u00e9gez et d\u00e9limitez votre terrain avec notre cl\u00f4ture en maille de cha\u00eene durable et \u00e9conomique.<\/strong> Fabriqu\u00e9e en acier galvanis\u00e9 de haute qualit\u00e9, elle est con\u00e7ue pour r\u00e9sister aux intemp\u00e9ries, \u00e0 la corrosion et aux chocs, tout en offrant une s\u00e9curit\u00e9 fiable.<\/p>\n<hr class=\"\" data-start=\"468\" data-end=\"471\" \/>\n<h3 data-start=\"473\" data-end=\"499\"><img fetchpriority=\"high\" decoding=\"async\" class=\"alignnone wp-image-21112\" src=\"https:\/\/forestgreen-boar-745836.hostingersite.com\/wp-content\/uploads\/2025\/03\/bl_cl-1-400x400.jpg\" alt=\"cloture frost\" width=\"258\" height=\"258\" srcset=\"https:\/\/cfcquebec.ca\/shop\/wp-content\/uploads\/2025\/03\/bl_cl-1-66x66.jpg 66w, https:\/\/cfcquebec.ca\/shop\/wp-content\/uploads\/2025\/03\/bl_cl-1-150x150.jpg 150w, https:\/\/cfcquebec.ca\/shop\/wp-content\/uploads\/2025\/03\/bl_cl-1-200x200.jpg 200w, https:\/\/cfcquebec.ca\/shop\/wp-content\/uploads\/2025\/03\/bl_cl-1-400x400.jpg 400w, https:\/\/cfcquebec.ca\/shop\/wp-content\/uploads\/2025\/03\/bl_cl-1.jpg 500w\" sizes=\"(max-width: 258px) 100vw, 258px\" \/><\/h3>\n<h3 class=\"\" data-start=\"473\" data-end=\"499\"><strong data-start=\"477\" data-end=\"499\">Caract\u00e9ristiques :<\/strong><\/h3>\n<ul data-start=\"500\" data-end=\"813\">\n<li class=\"\" data-start=\"500\" data-end=\"552\">\n<p class=\"\" data-start=\"502\" data-end=\"552\">Fils d&rsquo;acier galvanis\u00e9 entrelac\u00e9s en motif losange<\/p>\n<\/li>\n<li class=\"\" data-start=\"553\" data-end=\"613\">\n<p class=\"\" data-start=\"555\" data-end=\"613\">Hauteurs disponibles : 4&prime;, 5&prime;, 6&prime; (autres sur demande)<\/p>\n<\/li>\n<li class=\"\" data-start=\"614\" data-end=\"643\">\n<p class=\"\" data-start=\"616\" data-end=\"643\">Maillage standard : 2\u201d x 2\u201d<\/p>\n<\/li>\n<li class=\"\" data-start=\"644\" data-end=\"682\">\n<p class=\"\" data-start=\"646\" data-end=\"682\">Diam\u00e8tre du fil : 9 ou 11\u00bd gauge<\/p>\n<\/li>\n<li class=\"\" data-start=\"683\" data-end=\"748\">\n<p class=\"\" data-start=\"685\" data-end=\"748\">Option de rev\u00eatement vinyle de couleur pour plus d\u2019esth\u00e9tisme<\/p>\n<\/li>\n<li class=\"\" data-start=\"749\" data-end=\"813\">\n<p class=\"\" data-start=\"751\" data-end=\"813\">Compatible avec lattes d\u2019intimit\u00e9 pour plus de confidentialit\u00e9<\/p>\n<\/li>\n<\/ul>\n<hr class=\"\" data-start=\"815\" data-end=\"818\" \/>\n<h3 class=\"\" data-start=\"820\" data-end=\"869\"><strong data-start=\"824\" data-end=\"869\">Pourquoi choisir notre maille de cha\u00eene ?<\/strong><\/h3>\n<p class=\"\" data-start=\"870\" data-end=\"1077\">\u2705 Ultra r\u00e9sistante et durable<br data-start=\"899\" data-end=\"902\" \/>\u2705 Peu d&rsquo;entretien requis<br data-start=\"926\" data-end=\"929\" \/>\u2705 Installation rapide et facile<br data-start=\"960\" data-end=\"963\" \/>\u2705 Id\u00e9ale pour r\u00e9sidences, commerces ou industries<br data-start=\"1012\" data-end=\"1015\" \/>\u2705 Personnalisable avec portails, barbel\u00e9s ou lattes d\u2019intimit\u00e9<\/p>\n<hr class=\"\" data-start=\"1079\" data-end=\"1082\" \/>\n<h3 class=\"\" data-start=\"1084\" data-end=\"1121\"><strong data-start=\"1088\" data-end=\"1121\">Commandez en quelques clics !<\/strong><\/h3>\n<p class=\"\" data-start=\"1122\" data-end=\"1306\">\u26a1 <strong data-start=\"1124\" data-end=\"1210\">Ajoutez \u00e0 votre panier d\u00e8s maintenant et s\u00e9curisez votre propri\u00e9t\u00e9 sans attendre !<\/strong><br data-start=\"1210\" data-end=\"1213\" \/>Ou demandez une <a href=\"https:\/\/cfcquebec.ca\/soumission\/\" target=\"_blank\" rel=\"noopener\"><strong data-start=\"1229\" data-end=\"1255\">soumission instantan\u00e9e<\/strong><\/a> pour une installation sur mesure par nos experts !<\/p>\n<\/div><\/div><\/div><\/div><\/div>\n","protected":false},"excerpt":{"rendered":"<p>Il sagit ici de maille de chaine recouverte de vinyle <span style=\"color: #ff6600;\"><strong>Rouleaux de 50&prime;<\/strong><\/span><\/p>\n","protected":false},"author":3,"featured_media":20677,"comment_status":"open","ping_status":"closed","template":"","meta":{"_crdt_document":""},"product_brand":[419],"product_cat":[303],"product_tag":[121,122,123,120],"ppma_author":[424],"class_list":{"0":"post-20790","1":"product","2":"type-product","3":"status-publish","4":"has-post-thumbnail","6":"product_brand-master-halco","7":"product_cat-cloture-residentielle-frost","8":"product_tag-cloture-frost","9":"product_tag-cloture-maille-de-chaine","10":"product_tag-frost","11":"product_tag-maille-frost","13":"first","14":"instock","15":"taxable","16":"shipping-taxable","17":"purchasable","18":"product-type-variable"},"_links":{"self":[{"href":"https:\/\/cfcquebec.ca\/shop\/wp-json\/wp\/v2\/product\/20790","targetHints":{"allow":["GET"]}}],"collection":[{"href":"https:\/\/cfcquebec.ca\/shop\/wp-json\/wp\/v2\/product"}],"about":[{"href":"https:\/\/cfcquebec.ca\/shop\/wp-json\/wp\/v2\/types\/product"}],"author":[{"embeddable":true,"href":"https:\/\/cfcquebec.ca\/shop\/wp-json\/wp\/v2\/users\/3"}],"replies":[{"embeddable":true,"href":"https:\/\/cfcquebec.ca\/shop\/wp-json\/wp\/v2\/comments?post=20790"}],"wp:featuredmedia":[{"embeddable":true,"href":"https:\/\/cfcquebec.ca\/shop\/wp-json\/wp\/v2\/media\/20677"}],"wp:attachment":[{"href":"https:\/\/cfcquebec.ca\/shop\/wp-json\/wp\/v2\/media?parent=20790"}],"wp:term":[{"taxonomy":"product_brand","embeddable":true,"href":"https:\/\/cfcquebec.ca\/shop\/wp-json\/wp\/v2\/product_brand?post=20790"},{"taxonomy":"product_cat","embeddable":true,"href":"https:\/\/cfcquebec.ca\/shop\/wp-json\/wp\/v2\/product_cat?post=20790"},{"taxonomy":"product_tag","embeddable":true,"href":"https:\/\/cfcquebec.ca\/shop\/wp-json\/wp\/v2\/product_tag?post=20790"},{"taxonomy":"author","embeddable":true,"href":"https:\/\/cfcquebec.ca\/shop\/wp-json\/wp\/v2\/ppma_author?post=20790"}],"curies":[{"name":"wp","href":"https:\/\/api.w.org\/{rel}","templated":true}]}}