{"id":21454,"date":"2025-03-25T13:06:56","date_gmt":"2025-03-25T13:06:56","guid":{"rendered":"https:\/\/cfcquebec.ca\/shop\/?post_type=product&#038;p=21454"},"modified":"2025-04-16T21:41:11","modified_gmt":"2025-04-16T21:41:11","slug":"spigotmini-poteau","status":"publish","type":"product","link":"https:\/\/cfcquebec.ca\/shop\/product\/spigotmini-poteau","title":{"rendered":"Spigot(mini poteau)"},"content":{"rendered":"<div class=\"fusion-fullwidth fullwidth-box fusion-builder-row-1 fusion-flex-container has-pattern-background has-mask-background nonhundred-percent-fullwidth non-hundred-percent-height-scrolling\" style=\"--awb-border-radius-top-left:0px;--awb-border-radius-top-right:0px;--awb-border-radius-bottom-right:0px;--awb-border-radius-bottom-left:0px;--awb-flex-wrap:wrap;\" ><div class=\"fusion-builder-row fusion-row fusion-flex-align-items-flex-start fusion-flex-content-wrap\" style=\"max-width:1248px;margin-left: calc(-4% \/ 2 );margin-right: calc(-4% \/ 2 );\"><div class=\"fusion-layout-column fusion_builder_column fusion-builder-column-0 fusion_builder_column_3_4 3_4 fusion-flex-column\" style=\"--awb-bg-size:cover;--awb-width-large:75%;--awb-margin-top-large:0px;--awb-spacing-right-large:2.56%;--awb-margin-bottom-large:20px;--awb-spacing-left-large:2.56%;--awb-width-medium:75%;--awb-order-medium:0;--awb-spacing-right-medium:2.56%;--awb-spacing-left-medium:2.56%;--awb-width-small:100%;--awb-order-small:0;--awb-spacing-right-small:1.92%;--awb-spacing-left-small:1.92%;\"><div class=\"fusion-column-wrapper fusion-column-has-shadow fusion-flex-justify-content-flex-start fusion-content-layout-column\"><div class=\"fusion-text fusion-text-1\"><h3 class=\"\" data-start=\"0\" data-end=\"67\"><strong data-start=\"4\" data-end=\"65\">Spigot pour cl\u00f4ture en verre \u2013 Support \u00e9l\u00e9gant et robuste<\/strong><\/h3>\n<p class=\"\" data-start=\"69\" data-end=\"583\">Un <strong data-start=\"72\" data-end=\"82\">spigot<\/strong> pour cl\u00f4ture en verre est un dispositif de fixation con\u00e7u pour maintenir des panneaux de verre sans n\u00e9cessiter de cadre ou de poteaux interm\u00e9diaires. Ce type de support est particuli\u00e8rement appr\u00e9ci\u00e9 pour les installations modernes et \u00e9pur\u00e9es, offrant une vue d\u00e9gag\u00e9e tout en garantissant une s\u00e9curit\u00e9 optimale. Les spigots sont couramment utilis\u00e9s pour les balustrades de balcon, les cl\u00f4tures de piscine, les garde-corps d\u2019escalier et les terrasses, aussi bien en milieu r\u00e9sidentiel que commercial.<\/p>\n<h3 class=\"\" data-start=\"585\" data-end=\"625\"><strong data-start=\"589\" data-end=\"623\">Caract\u00e9ristiques principales :<\/strong><\/h3>\n<p class=\"\" data-start=\"627\" data-end=\"1061\">\ud83d\udd39 <strong data-start=\"630\" data-end=\"658\">Installation minimaliste<\/strong> \u2013 Gr\u00e2ce aux spigots, les panneaux de verre sont maintenus en place sans cadre, offrant un design \u00e9l\u00e9gant et une transparence maximale.<br data-start=\"793\" data-end=\"796\" \/>\ud83d\udd39 <strong data-start=\"799\" data-end=\"821\">Mat\u00e9riaux durables<\/strong> \u2013 G\u00e9n\u00e9ralement fabriqu\u00e9s en acier inoxydable 316 (id\u00e9al pour les environnements ext\u00e9rieurs et marins) ou en acier inoxydable 304 (parfait pour une utilisation en int\u00e9rieur ou dans des zones prot\u00e9g\u00e9es).<br data-start=\"1023\" data-end=\"1026\" \/>\ud83d\udd39 <strong data-start=\"1029\" data-end=\"1057\">Types de fixation vari\u00e9s<\/strong> :<\/p>\n<ul data-start=\"1065\" data-end=\"1783\">\n<li class=\"\" data-start=\"1065\" data-end=\"1221\">\n<p class=\"\" data-start=\"1067\" data-end=\"1221\"><strong data-start=\"1067\" data-end=\"1096\">Spigots \u00e0 fixation au sol<\/strong> : Se montent directement sur une surface plane comme une dalle en b\u00e9ton, une terrasse en bois ou un plancher en composite.<\/p>\n<\/li>\n<li class=\"\" data-start=\"1225\" data-end=\"1783\">\n<p class=\"\" data-start=\"1227\" data-end=\"1783\"><strong data-start=\"1227\" data-end=\"1258\">Spigots \u00e0 fixation lat\u00e9rale<\/strong> : Permettent une installation sur le c\u00f4t\u00e9 d\u2019un balcon ou d\u2019un escalier pour un effet flottant et une optimisation de l\u2019espace.<br data-start=\"1385\" data-end=\"1388\" \/>\ud83d\udd39 <strong data-start=\"1391\" data-end=\"1424\">Ajustabilit\u00e9 et compatibilit\u00e9<\/strong> \u2013 Certains mod\u00e8les sont dot\u00e9s de vis de serrage qui permettent d\u2019ajuster la position du panneau sans per\u00e7age du verre, tandis que d\u2019autres n\u00e9cessitent des trous pr\u00e9-perc\u00e9s dans le verre pour une fixation plus rigide.<br data-start=\"1641\" data-end=\"1644\" \/>\ud83d\udd39 <strong data-start=\"1647\" data-end=\"1672\">Finitions esth\u00e9tiques<\/strong> \u2013 Disponibles en finition bross\u00e9e, polie miroir ou mate pour s\u2019adapter aux diff\u00e9rents styles architecturaux.<\/p>\n<\/li>\n<\/ul>\n<h3 class=\"\" data-start=\"1785\" data-end=\"1840\"><strong data-start=\"1789\" data-end=\"1838\">Avantages des spigots pour cl\u00f4ture en verre :<\/strong><\/h3>\n<p class=\"\" data-start=\"1842\" data-end=\"2603\">\u2705 <strong data-start=\"1844\" data-end=\"1863\">S\u00e9curit\u00e9 accrue<\/strong> \u2013 Con\u00e7us pour offrir une fixation solide et stable aux panneaux de verre, les spigots permettent de cr\u00e9er des cl\u00f4tures r\u00e9sistantes aux intemp\u00e9ries et aux chocs.<br data-start=\"2024\" data-end=\"2027\" \/>\u2705 <strong data-start=\"2029\" data-end=\"2068\">Esth\u00e9tique moderne et haut de gamme<\/strong> \u2013 Ils apportent une touche sophistiqu\u00e9e aux espaces ext\u00e9rieurs et int\u00e9rieurs en pr\u00e9servant la luminosit\u00e9 et les vues panoramiques.<br data-start=\"2199\" data-end=\"2202\" \/>\u2705 <strong data-start=\"2204\" data-end=\"2228\">Facilit\u00e9 d\u2019entretien<\/strong> \u2013 Contrairement aux structures m\u00e9talliques ou en bois, une cl\u00f4ture en verre avec spigots ne rouille pas et ne n\u00e9cessite qu\u2019un nettoyage occasionnel avec un chiffon et un produit adapt\u00e9.<br data-start=\"2414\" data-end=\"2417\" \/>\u2705 <strong data-start=\"2419\" data-end=\"2456\">Installation rapide et simplifi\u00e9e<\/strong> \u2013 Avec les bons outils et les instructions ad\u00e9quates, l\u2019installation des spigots est relativement simple et ne n\u00e9cessite pas d\u2019\u00e9quipement lourd.<\/p>\n<h3 class=\"\" data-start=\"2605\" data-end=\"2639\"><strong data-start=\"2609\" data-end=\"2637\">Applications courantes :<\/strong><\/h3>\n<p class=\"\" data-start=\"2640\" data-end=\"3079\">\ud83d\udccc <strong data-start=\"2643\" data-end=\"2666\">Cl\u00f4tures de piscine<\/strong> \u2013 Assurent la s\u00e9curit\u00e9 autour des piscines tout en conservant une esth\u00e9tique \u00e9pur\u00e9e.<br data-start=\"2751\" data-end=\"2754\" \/>\ud83d\udccc <strong data-start=\"2757\" data-end=\"2794\">Garde-corps de balcon et terrasse<\/strong> \u2013 Offrent une barri\u00e8re de protection tout en maximisant la vue.<br data-start=\"2858\" data-end=\"2861\" \/>\ud83d\udccc <strong data-start=\"2864\" data-end=\"2891\">Escaliers et mezzanines<\/strong> \u2013 S\u00e9curisent les espaces int\u00e9rieurs avec un style contemporain.<br data-start=\"2955\" data-end=\"2958\" \/>\ud83d\udccc <strong data-start=\"2961\" data-end=\"2998\">Cl\u00f4tures commerciales et vitrines<\/strong> \u2013 Utilis\u00e9s dans les espaces commerciaux pour un design moderne et transparent.<\/p>\n<p class=\"\" data-start=\"3081\" data-end=\"3334\">Les spigots sont une solution id\u00e9ale pour ceux qui recherchent une fixation discr\u00e8te et robuste pour leurs cl\u00f4tures en verre. Leur conception innovante permet d\u2019allier s\u00e9curit\u00e9, \u00e9l\u00e9gance et durabilit\u00e9, tout en facilitant l\u2019installation et l\u2019entretien.<\/p>\n<\/div><\/div><\/div><div class=\"fusion-layout-column fusion_builder_column fusion-builder-column-1 fusion_builder_column_1_4 1_4 fusion-flex-column\" style=\"--awb-bg-size:cover;--awb-width-large:25%;--awb-margin-top-large:0px;--awb-spacing-right-large:7.68%;--awb-margin-bottom-large:20px;--awb-spacing-left-large:7.68%;--awb-width-medium:25%;--awb-order-medium:0;--awb-spacing-right-medium:7.68%;--awb-spacing-left-medium:7.68%;--awb-width-small:100%;--awb-order-small:0;--awb-spacing-right-small:1.92%;--awb-spacing-left-small:1.92%;\"><div class=\"fusion-column-wrapper fusion-column-has-shadow fusion-flex-justify-content-flex-start fusion-content-layout-column\"><div class=\"fusion-image-element \" style=\"--awb-caption-title-font-family:var(--h2_typography-font-family);--awb-caption-title-font-weight:var(--h2_typography-font-weight);--awb-caption-title-font-style:var(--h2_typography-font-style);--awb-caption-title-size:var(--h2_typography-font-size);--awb-caption-title-transform:var(--h2_typography-text-transform);--awb-caption-title-line-height:var(--h2_typography-line-height);--awb-caption-title-letter-spacing:var(--h2_typography-letter-spacing);\"><span class=\" fusion-imageframe imageframe-none imageframe-1 hover-type-none\"><img decoding=\"async\" width=\"300\" height=\"150\" title=\"frameless-in-spigot-square-polished\" src=\"https:\/\/forestgreen-boar-745836.hostingersite.com\/wp-content\/uploads\/2025\/03\/frameless-in-spigot-square-polished-300x150.jpg\" alt class=\"img-responsive wp-image-20717\" srcset=\"https:\/\/cfcquebec.ca\/shop\/wp-content\/uploads\/2025\/03\/frameless-in-spigot-square-polished-200x100.jpg 200w, https:\/\/cfcquebec.ca\/shop\/wp-content\/uploads\/2025\/03\/frameless-in-spigot-square-polished-400x200.jpg 400w, https:\/\/cfcquebec.ca\/shop\/wp-content\/uploads\/2025\/03\/frameless-in-spigot-square-polished.jpg 600w\" sizes=\"(max-width: 640px) 100vw, 400px\" \/><\/span><\/div><\/div><\/div><\/div><\/div>\n","protected":false},"excerpt":{"rendered":"<p><span data-start=\"3\" data-end=\"13\">Le <\/span><strong data-start=\"3\" data-end=\"13\">spigot<\/strong> pour cl\u00f4ture en verre est un support en acier inoxydable con\u00e7u pour fixer des panneaux de verre sans n\u00e9cessiter de cadre ou de poteaux. Il permet une installation \u00e9l\u00e9gante et minimaliste, id\u00e9ale pour les balcons, piscines et terrasses.<\/p>\n","protected":false},"author":3,"featured_media":20715,"comment_status":"open","ping_status":"closed","template":"","meta":{"_crdt_document":""},"product_brand":[],"product_cat":[410,413],"product_tag":[],"ppma_author":[424],"class_list":{"0":"post-21454","1":"product","2":"type-product","3":"status-publish","4":"has-post-thumbnail","6":"product_cat-cloture-piscine","7":"product_cat-poteaux","9":"first","10":"instock","11":"taxable","12":"shipping-taxable","13":"purchasable","14":"product-type-variable"},"_links":{"self":[{"href":"https:\/\/cfcquebec.ca\/shop\/wp-json\/wp\/v2\/product\/21454","targetHints":{"allow":["GET"]}}],"collection":[{"href":"https:\/\/cfcquebec.ca\/shop\/wp-json\/wp\/v2\/product"}],"about":[{"href":"https:\/\/cfcquebec.ca\/shop\/wp-json\/wp\/v2\/types\/product"}],"author":[{"embeddable":true,"href":"https:\/\/cfcquebec.ca\/shop\/wp-json\/wp\/v2\/users\/3"}],"replies":[{"embeddable":true,"href":"https:\/\/cfcquebec.ca\/shop\/wp-json\/wp\/v2\/comments?post=21454"}],"wp:featuredmedia":[{"embeddable":true,"href":"https:\/\/cfcquebec.ca\/shop\/wp-json\/wp\/v2\/media\/20715"}],"wp:attachment":[{"href":"https:\/\/cfcquebec.ca\/shop\/wp-json\/wp\/v2\/media?parent=21454"}],"wp:term":[{"taxonomy":"product_brand","embeddable":true,"href":"https:\/\/cfcquebec.ca\/shop\/wp-json\/wp\/v2\/product_brand?post=21454"},{"taxonomy":"product_cat","embeddable":true,"href":"https:\/\/cfcquebec.ca\/shop\/wp-json\/wp\/v2\/product_cat?post=21454"},{"taxonomy":"product_tag","embeddable":true,"href":"https:\/\/cfcquebec.ca\/shop\/wp-json\/wp\/v2\/product_tag?post=21454"},{"taxonomy":"author","embeddable":true,"href":"https:\/\/cfcquebec.ca\/shop\/wp-json\/wp\/v2\/ppma_author?post=21454"}],"curies":[{"name":"wp","href":"https:\/\/api.w.org\/{rel}","templated":true}]}}