{"id":21469,"date":"2025-04-02T12:37:25","date_gmt":"2025-04-02T12:37:25","guid":{"rendered":"https:\/\/cfcquebec.ca\/shop\/?post_type=product&#038;p=21469"},"modified":"2025-04-16T21:41:11","modified_gmt":"2025-04-16T21:41:11","slug":"liens-dattache","status":"publish","type":"product","link":"https:\/\/cfcquebec.ca\/shop\/product\/liens-dattache","title":{"rendered":"Liens d&rsquo;attache"},"content":{"rendered":"<div class=\"fusion-fullwidth fullwidth-box fusion-builder-row-1 fusion-flex-container has-pattern-background has-mask-background nonhundred-percent-fullwidth non-hundred-percent-height-scrolling\" style=\"--awb-border-radius-top-left:0px;--awb-border-radius-top-right:0px;--awb-border-radius-bottom-right:0px;--awb-border-radius-bottom-left:0px;--awb-flex-wrap:wrap;\" ><div class=\"fusion-builder-row fusion-row fusion-flex-align-items-flex-start fusion-flex-content-wrap\" style=\"max-width:1248px;margin-left: calc(-4% \/ 2 );margin-right: calc(-4% \/ 2 );\"><div class=\"fusion-layout-column fusion_builder_column fusion-builder-column-0 fusion_builder_column_1_1 1_1 fusion-flex-column\" style=\"--awb-bg-size:cover;--awb-width-large:100%;--awb-margin-top-large:0px;--awb-spacing-right-large:1.92%;--awb-margin-bottom-large:20px;--awb-spacing-left-large:1.92%;--awb-width-medium:100%;--awb-order-medium:0;--awb-spacing-right-medium:1.92%;--awb-spacing-left-medium:1.92%;--awb-width-small:100%;--awb-order-small:0;--awb-spacing-right-small:1.92%;--awb-spacing-left-small:1.92%;\"><div class=\"fusion-column-wrapper fusion-column-has-shadow fusion-flex-justify-content-flex-start fusion-content-layout-column\"><div class=\"fusion-text fusion-text-1\"><p>Paquetde100<\/p>\n<p><strong>Paquet de 100<\/strong><\/p>\n<p>Attaches (liens) color\u00e9es de 9 pouces pour cl\u00f4tures en maille de cha\u00eene.<\/p>\n<h4 class=\"\" data-start=\"1320\" data-end=\"1360\"><strong data-start=\"1325\" data-end=\"1358\">Utilisation et installation :<\/strong><\/h4>\n<p class=\"\" data-start=\"1361\" data-end=\"1610\">Les attaches color\u00e9es de 9 pouces s\u2019installent facilement \u00e0 la main ou \u00e0 l\u2019aide d\u2019une pince sp\u00e9cifique. Il suffit de les enrouler autour du fil de la cl\u00f4ture et de les serrer fermement pour assurer un maintien efficace. Elles sont parfaites pour :<\/p>\n<ul data-start=\"1611\" data-end=\"1869\">\n<li class=\"\" data-start=\"1611\" data-end=\"1671\">Renforcer la solidit\u00e9 de la cl\u00f4ture dans les zones venteuses.<\/li>\n<li class=\"\" data-start=\"1738\" data-end=\"1808\">\n<p class=\"\" data-start=\"1740\" data-end=\"1808\">Installer des b\u00e2ches ou des filets pare-vue de mani\u00e8re esth\u00e9tique.<\/p>\n<\/li>\n<li class=\"\" data-start=\"1809\" data-end=\"1869\">\n<p class=\"\" data-start=\"1811\" data-end=\"1869\">Assurer la s\u00e9curit\u00e9 en maintenant des \u00e9l\u00e9ments en place.<\/p>\n<\/li>\n<\/ul>\n<h4 class=\"\" data-start=\"1871\" data-end=\"1915\"><strong data-start=\"1876\" data-end=\"1913\">Avantages des attaches color\u00e9es :<\/strong><\/h4>\n<p class=\"\" data-start=\"1916\" data-end=\"2350\">\ud83d\udd39 <strong data-start=\"1919\" data-end=\"1953\">Discr\u00e9tion ou personnalisation<\/strong> \u2013 Choisissez une couleur assortie \u00e0 votre cl\u00f4ture pour un rendu uniforme, ou optez pour un contraste audacieux pour un effet design.<br data-start=\"2086\" data-end=\"2089\" \/>\ud83d\udd39 <strong data-start=\"2092\" data-end=\"2113\">Entretien minimal<\/strong> \u2013 Contrairement aux attaches m\u00e9talliques, elles ne rouillent pas et conservent leur apparence au fil du temps.<br data-start=\"2224\" data-end=\"2227\" \/>\ud83d\udd39 <strong data-start=\"2230\" data-end=\"2253\">Solution \u00e9conomique<\/strong> \u2013 Vendues en lots, elles offrent une alternative durable et abordable aux attaches classiques.<\/p>\n<p class=\"\" data-start=\"2352\" data-end=\"2560\">Que ce soit pour une installation neuve ou pour la maintenance d\u2019une cl\u00f4ture existante, les <strong data-start=\"2444\" data-end=\"2477\">attaches color\u00e9es de 9 pouces<\/strong> sont un choix id\u00e9al pour allier esth\u00e9tique, solidit\u00e9 et facilit\u00e9 d\u2019installation.<\/p>\n<\/div><\/div><\/div><\/div><\/div>\n","protected":false},"excerpt":{"rendered":"<p>Attaches (Liens) color\u00e9es de 9 pouces pour cl\u00f4tures en maille de cha\u00eene.<\/p>\n<p><strong>Paquet de 100<\/strong><\/p>\n","protected":false},"author":3,"featured_media":20657,"comment_status":"open","ping_status":"closed","template":"","meta":{"_crdt_document":""},"product_brand":[419],"product_cat":[319,303],"product_tag":[],"ppma_author":[424],"class_list":{"0":"post-21469","1":"product","2":"type-product","3":"status-publish","4":"has-post-thumbnail","6":"product_brand-master-halco","7":"product_cat-quincaillerie","8":"product_cat-cloture-residentielle-frost","9":"pa_color-beige","10":"pa_color-blanc","11":"pa_color-brun","12":"pa_color-noir","13":"pa_color-vert","15":"first","16":"instock","17":"taxable","18":"shipping-taxable","19":"purchasable","20":"product-type-variable"},"_links":{"self":[{"href":"https:\/\/cfcquebec.ca\/shop\/wp-json\/wp\/v2\/product\/21469","targetHints":{"allow":["GET"]}}],"collection":[{"href":"https:\/\/cfcquebec.ca\/shop\/wp-json\/wp\/v2\/product"}],"about":[{"href":"https:\/\/cfcquebec.ca\/shop\/wp-json\/wp\/v2\/types\/product"}],"author":[{"embeddable":true,"href":"https:\/\/cfcquebec.ca\/shop\/wp-json\/wp\/v2\/users\/3"}],"replies":[{"embeddable":true,"href":"https:\/\/cfcquebec.ca\/shop\/wp-json\/wp\/v2\/comments?post=21469"}],"wp:featuredmedia":[{"embeddable":true,"href":"https:\/\/cfcquebec.ca\/shop\/wp-json\/wp\/v2\/media\/20657"}],"wp:attachment":[{"href":"https:\/\/cfcquebec.ca\/shop\/wp-json\/wp\/v2\/media?parent=21469"}],"wp:term":[{"taxonomy":"product_brand","embeddable":true,"href":"https:\/\/cfcquebec.ca\/shop\/wp-json\/wp\/v2\/product_brand?post=21469"},{"taxonomy":"product_cat","embeddable":true,"href":"https:\/\/cfcquebec.ca\/shop\/wp-json\/wp\/v2\/product_cat?post=21469"},{"taxonomy":"product_tag","embeddable":true,"href":"https:\/\/cfcquebec.ca\/shop\/wp-json\/wp\/v2\/product_tag?post=21469"},{"taxonomy":"author","embeddable":true,"href":"https:\/\/cfcquebec.ca\/shop\/wp-json\/wp\/v2\/ppma_author?post=21469"}],"curies":[{"name":"wp","href":"https:\/\/api.w.org\/{rel}","templated":true}]}}