{"id":21596,"date":"2025-04-05T21:17:54","date_gmt":"2025-04-05T21:17:54","guid":{"rendered":"https:\/\/cfcquebec.ca\/shop\/?post_type=product&#038;p=21596"},"modified":"2025-04-16T21:41:10","modified_gmt":"2025-04-16T21:41:10","slug":"fil-de-tension","status":"publish","type":"product","link":"https:\/\/cfcquebec.ca\/shop\/product\/fil-de-tension","title":{"rendered":"Fil de tension"},"content":{"rendered":"<div class=\"fusion-fullwidth fullwidth-box fusion-builder-row-1 fusion-flex-container has-pattern-background has-mask-background nonhundred-percent-fullwidth non-hundred-percent-height-scrolling\" style=\"--awb-border-radius-top-left:0px;--awb-border-radius-top-right:0px;--awb-border-radius-bottom-right:0px;--awb-border-radius-bottom-left:0px;--awb-flex-wrap:wrap;\" ><div class=\"fusion-builder-row fusion-row fusion-flex-align-items-flex-start fusion-flex-content-wrap\" style=\"max-width:1248px;margin-left: calc(-4% \/ 2 );margin-right: calc(-4% \/ 2 );\"><div class=\"fusion-layout-column fusion_builder_column fusion-builder-column-0 fusion_builder_column_2_3 2_3 fusion-flex-column\" style=\"--awb-bg-size:cover;--awb-width-large:66.666666666667%;--awb-margin-top-large:0px;--awb-spacing-right-large:2.88%;--awb-margin-bottom-large:20px;--awb-spacing-left-large:2.88%;--awb-width-medium:66.666666666667%;--awb-order-medium:0;--awb-spacing-right-medium:2.88%;--awb-spacing-left-medium:2.88%;--awb-width-small:100%;--awb-order-small:0;--awb-spacing-right-small:1.92%;--awb-spacing-left-small:1.92%;\"><div class=\"fusion-column-wrapper fusion-column-has-shadow fusion-flex-justify-content-flex-start fusion-content-layout-column\"><div class=\"fusion-text fusion-text-1\"><h3 class=\"\" data-start=\"170\" data-end=\"213\">\ud83d\udce6 D\u00e9tails typiques d\u2019un coil de 100\u2019 :<\/h3>\n<ul data-start=\"214\" data-end=\"708\">\n<li class=\"\" data-start=\"214\" data-end=\"266\">\n<p class=\"\" data-start=\"216\" data-end=\"266\"><strong data-start=\"216\" data-end=\"228\">Longueur<\/strong> : 100 pieds lin\u00e9aires (\u2248 30,5 m\u00e8tres)<\/p>\n<\/li>\n<li class=\"\" data-start=\"267\" data-end=\"364\">\n<p class=\"\" data-start=\"269\" data-end=\"364\"><strong data-start=\"269\" data-end=\"281\">Mat\u00e9riau<\/strong> : acier galvanis\u00e9 avec rev\u00eatement vinyle<\/p>\n<\/li>\n<li class=\"\" data-start=\"267\" data-end=\"364\">\n<p class=\"\" data-start=\"269\" data-end=\"364\"><strong data-start=\"367\" data-end=\"378\">Calibre<\/strong> :<\/p>\n<ul data-start=\"383\" data-end=\"529\">\n<li class=\"\" data-start=\"383\" data-end=\"458\">\n<p class=\"\" data-start=\"385\" data-end=\"458\"><strong data-start=\"385\" data-end=\"395\">Cal. 9<\/strong> : plus robuste, recommand\u00e9 pour tout usage<\/p>\n<\/li>\n<\/ul>\n<\/li>\n<li class=\"\" data-start=\"530\" data-end=\"708\">\n<p class=\"\" data-start=\"532\" data-end=\"630\"><strong data-start=\"532\" data-end=\"547\">Utilisation<\/strong> : g\u00e9n\u00e9ralement pour 1 ligne ( bas) sur environ 100 pieds de cl\u00f4ture<\/p>\n<ul data-start=\"633\" data-end=\"708\">\n<li class=\"\" data-start=\"633\" data-end=\"708\">\n<p class=\"\" data-start=\"635\" data-end=\"708\"><strong data-start=\"635\" data-end=\"643\">Note<\/strong> : chaque ligne horizontale a besoin de son propre fil de tension<\/p>\n<\/li>\n<\/ul>\n<\/li>\n<\/ul>\n<h3 class=\"\" data-start=\"710\" data-end=\"771\">\ud83d\udee0\ufe0f Pour l\u2019installation d\u2019un segment de cl\u00f4ture de 100&prime; :<\/h3>\n<ul data-start=\"772\" data-end=\"1025\">\n<li class=\"\" data-start=\"772\" data-end=\"1025\">\n<p class=\"\" data-start=\"774\" data-end=\"794\">Tu auras besoin de :<\/p>\n<ul data-start=\"797\" data-end=\"1025\">\n<li class=\"\" data-start=\"797\" data-end=\"822\">\n<p class=\"\" data-start=\"799\" data-end=\"822\">1 coil pour <strong data-start=\"811\" data-end=\"822\">le haut<\/strong><\/p>\n<\/li>\n<li class=\"\" data-start=\"852\" data-end=\"931\">\n<p class=\"\" data-start=\"854\" data-end=\"931\">(Optionnel) 1 coil pour haut, si sans traverse<\/p>\n<\/li>\n<li class=\"\" data-start=\"934\" data-end=\"1025\">\n<p class=\"\" data-start=\"936\" data-end=\"1025\">\u00a01\u00a0 tendeurs par ligne (au d\u00e9part)<\/p>\n<\/li>\n<\/ul>\n<\/li>\n<\/ul>\n<\/div><\/div><\/div><div class=\"fusion-layout-column fusion_builder_column fusion-builder-column-1 fusion_builder_column_1_3 1_3 fusion-flex-column\" style=\"--awb-bg-size:cover;--awb-width-large:33.333333333333%;--awb-margin-top-large:0px;--awb-spacing-right-large:5.76%;--awb-margin-bottom-large:20px;--awb-spacing-left-large:5.76%;--awb-width-medium:33.333333333333%;--awb-order-medium:0;--awb-spacing-right-medium:5.76%;--awb-spacing-left-medium:5.76%;--awb-width-small:100%;--awb-order-small:0;--awb-spacing-right-small:1.92%;--awb-spacing-left-small:1.92%;\"><div class=\"fusion-column-wrapper fusion-column-has-shadow fusion-flex-justify-content-flex-start fusion-content-layout-column\"><\/div><\/div><\/div><\/div>\n","protected":false},"excerpt":{"rendered":"<ul data-start=\"214\" data-end=\"708\">\n<li class=\"\" data-start=\"214\" data-end=\"266\">\n<p class=\"\" data-start=\"216\" data-end=\"266\"><strong data-start=\"216\" data-end=\"228\">Longueur<\/strong> : 100 pieds lin\u00e9aires (\u2248 30,5 m\u00e8tres)<\/p>\n<\/li>\n<li class=\"\" data-start=\"267\" data-end=\"364\">\n<p class=\"\" data-start=\"269\" data-end=\"364\"><strong data-start=\"269\" data-end=\"281\">Mat\u00e9riau<\/strong> : acier galvanis\u00e9 avec rev\u00eatement vinyle<\/p>\n<\/li>\n<\/ul>\n","protected":false},"author":3,"featured_media":20654,"comment_status":"open","ping_status":"closed","template":"","meta":{"_crdt_document":""},"product_brand":[419],"product_cat":[319,303],"product_tag":[],"ppma_author":[424],"class_list":{"0":"post-21596","1":"product","2":"type-product","3":"status-publish","4":"has-post-thumbnail","6":"product_brand-master-halco","7":"product_cat-quincaillerie","8":"product_cat-cloture-residentielle-frost","9":"pa_color-beige","10":"pa_color-blanc","11":"pa_color-brun","12":"pa_color-noir","13":"pa_color-vert","15":"first","16":"instock","17":"taxable","18":"shipping-taxable","19":"purchasable","20":"product-type-variable"},"_links":{"self":[{"href":"https:\/\/cfcquebec.ca\/shop\/wp-json\/wp\/v2\/product\/21596","targetHints":{"allow":["GET"]}}],"collection":[{"href":"https:\/\/cfcquebec.ca\/shop\/wp-json\/wp\/v2\/product"}],"about":[{"href":"https:\/\/cfcquebec.ca\/shop\/wp-json\/wp\/v2\/types\/product"}],"author":[{"embeddable":true,"href":"https:\/\/cfcquebec.ca\/shop\/wp-json\/wp\/v2\/users\/3"}],"replies":[{"embeddable":true,"href":"https:\/\/cfcquebec.ca\/shop\/wp-json\/wp\/v2\/comments?post=21596"}],"wp:featuredmedia":[{"embeddable":true,"href":"https:\/\/cfcquebec.ca\/shop\/wp-json\/wp\/v2\/media\/20654"}],"wp:attachment":[{"href":"https:\/\/cfcquebec.ca\/shop\/wp-json\/wp\/v2\/media?parent=21596"}],"wp:term":[{"taxonomy":"product_brand","embeddable":true,"href":"https:\/\/cfcquebec.ca\/shop\/wp-json\/wp\/v2\/product_brand?post=21596"},{"taxonomy":"product_cat","embeddable":true,"href":"https:\/\/cfcquebec.ca\/shop\/wp-json\/wp\/v2\/product_cat?post=21596"},{"taxonomy":"product_tag","embeddable":true,"href":"https:\/\/cfcquebec.ca\/shop\/wp-json\/wp\/v2\/product_tag?post=21596"},{"taxonomy":"author","embeddable":true,"href":"https:\/\/cfcquebec.ca\/shop\/wp-json\/wp\/v2\/ppma_author?post=21596"}],"curies":[{"name":"wp","href":"https:\/\/api.w.org\/{rel}","templated":true}]}}