{"id":21602,"date":"2025-04-05T22:56:41","date_gmt":"2025-04-05T22:56:41","guid":{"rendered":"https:\/\/cfcquebec.ca\/shop\/?post_type=product&#038;p=21602"},"modified":"2025-04-16T21:41:10","modified_gmt":"2025-04-16T21:41:10","slug":"diagramme-de-pieces-pour-cloture","status":"publish","type":"product","link":"https:\/\/cfcquebec.ca\/shop\/product\/diagramme-de-pieces-pour-cloture","title":{"rendered":"Diagramme 101 de pi\u00e8ces requises pour votre cl\u00f4ture"},"content":{"rendered":"<div class=\"fusion-fullwidth fullwidth-box fusion-builder-row-1 fusion-flex-container has-pattern-background has-mask-background nonhundred-percent-fullwidth non-hundred-percent-height-scrolling\" style=\"--awb-border-radius-top-left:0px;--awb-border-radius-top-right:0px;--awb-border-radius-bottom-right:0px;--awb-border-radius-bottom-left:0px;--awb-flex-wrap:wrap;\" ><div class=\"fusion-builder-row fusion-row fusion-flex-align-items-flex-start fusion-flex-content-wrap\" style=\"max-width:1248px;margin-left: calc(-4% \/ 2 );margin-right: calc(-4% \/ 2 );\"><div class=\"fusion-layout-column fusion_builder_column fusion-builder-column-0 fusion_builder_column_2_3 2_3 fusion-flex-column\" style=\"--awb-bg-size:cover;--awb-width-large:66.666666666667%;--awb-margin-top-large:0px;--awb-spacing-right-large:2.88%;--awb-margin-bottom-large:20px;--awb-spacing-left-large:2.88%;--awb-width-medium:66.666666666667%;--awb-order-medium:0;--awb-spacing-right-medium:2.88%;--awb-spacing-left-medium:2.88%;--awb-width-small:100%;--awb-order-small:0;--awb-spacing-right-small:1.92%;--awb-spacing-left-small:1.92%;\"><div class=\"fusion-column-wrapper fusion-column-has-shadow fusion-flex-justify-content-flex-start fusion-content-layout-column\"><div class=\"fusion-text fusion-text-1\"><h3 class=\"\" data-start=\"185\" data-end=\"252\">\ud83d\udee0\ufe0f <strong data-start=\"193\" data-end=\"252\">Plans pour cl\u00f4ture \u00e0 maille de cha\u00eene \u2013 Facile \u00e0 suivre<\/strong><\/h3>\n<p class=\"\" data-start=\"254\" data-end=\"431\">Vous voulez installer vous-m\u00eame une cl\u00f4ture solide et durable? Nos <strong data-start=\"321\" data-end=\"354\">plans pratiques \u00e0 t\u00e9l\u00e9charger<\/strong> vous donnent tout ce qu\u2019il faut pour r\u00e9ussir votre projet du d\u00e9but \u00e0 la fin.<\/p>\n<p class=\"\" data-start=\"433\" data-end=\"715\"><strong data-start=\"433\" data-end=\"458\">Ce que vous recevez :<\/strong><br data-start=\"458\" data-end=\"461\" \/>\u2714\ufe0f Un Diagramme clair et d\u00e9taill\u00e9 (format PDF)<br data-start=\"502\" data-end=\"505\" \/>\u2714\ufe0f Une liste de tous les mat\u00e9riaux \u00e0 acheter<br data-start=\"549\" data-end=\"552\" \/>\u2714\ufe0f Des instructions faciles \u00e0 suivre, \u00e9tape par \u00e9tape<br data-start=\"605\" data-end=\"608\" \/>\u2714\ufe0f Des dessins pour vous guider \u00e0 chaque \u00e9tape<\/p>\n<p class=\"\" data-start=\"717\" data-end=\"862\"><strong data-start=\"717\" data-end=\"773\">Convient \u00e0 tous les types de terrain et de projets :<\/strong><br data-start=\"773\" data-end=\"776\" \/>\ud83c\udfe1 Cour r\u00e9sidentielle<br data-start=\"797\" data-end=\"800\" \/>\ud83d\udea7 Terrain commercial<br data-start=\"821\" data-end=\"824\" \/>\ud83c\udf33 Jardin, piscine, animaux, s\u00e9curit\u00e9\u2026<\/p>\n<p class=\"\" data-start=\"864\" data-end=\"1000\"><strong data-start=\"864\" data-end=\"906\">Disponible pour diff\u00e9rentes hauteurs :<\/strong> 4&prime;, 5&prime;, 6&prime;\u00a0<br data-start=\"923\" data-end=\"926\" \/>\ud83d\udca1 Vous ne savez pas quelle hauteur choisir? Pas de souci \u2014 on vous guide!<\/p>\n<p class=\"\" data-start=\"1002\" data-end=\"1073\">\ud83d\udcce <strong data-start=\"1005\" data-end=\"1031\">Format num\u00e9rique (PDF)<\/strong> \u2013 T\u00e9l\u00e9chargez tout de suite apr\u00e8s l\u2019achat<\/p>\n<\/div><\/div><\/div><div class=\"fusion-layout-column fusion_builder_column fusion-builder-column-1 fusion_builder_column_1_3 1_3 fusion-flex-column\" style=\"--awb-bg-size:cover;--awb-width-large:33.333333333333%;--awb-margin-top-large:0px;--awb-spacing-right-large:5.76%;--awb-margin-bottom-large:20px;--awb-spacing-left-large:5.76%;--awb-width-medium:33.333333333333%;--awb-order-medium:0;--awb-spacing-right-medium:5.76%;--awb-spacing-left-medium:5.76%;--awb-width-small:100%;--awb-order-small:0;--awb-spacing-right-small:1.92%;--awb-spacing-left-small:1.92%;\"><div class=\"fusion-column-wrapper fusion-column-has-shadow fusion-flex-justify-content-flex-start fusion-content-layout-column\"><\/div><\/div><\/div><\/div>\n","protected":false},"excerpt":{"rendered":"<h3 class=\"\" data-start=\"185\" data-end=\"252\">\ud83d\udee0\ufe0f Diagramme<strong data-start=\"193\" data-end=\"252\">\u00a0pour cl\u00f4ture \u00e0 maille de cha\u00eene \u2013 Facile \u00e0 suivre<\/strong><\/h3>\n","protected":false},"author":3,"featured_media":21606,"comment_status":"open","ping_status":"closed","template":"","meta":{"_crdt_document":""},"product_brand":[420],"product_cat":[319,303],"product_tag":[422,423,421],"ppma_author":[424],"class_list":{"0":"post-21602","1":"product","2":"type-product","3":"status-publish","4":"has-post-thumbnail","6":"product_brand-cfc","7":"product_cat-quincaillerie","8":"product_cat-cloture-residentielle-frost","9":"product_tag-diagramme-cloture","10":"product_tag-piece-cloture-requises","11":"product_tag-plans","13":"first","14":"instock","15":"sale","16":"downloadable","17":"virtual","18":"sold-individually","19":"purchasable","20":"product-type-simple"},"_links":{"self":[{"href":"https:\/\/cfcquebec.ca\/shop\/wp-json\/wp\/v2\/product\/21602","targetHints":{"allow":["GET"]}}],"collection":[{"href":"https:\/\/cfcquebec.ca\/shop\/wp-json\/wp\/v2\/product"}],"about":[{"href":"https:\/\/cfcquebec.ca\/shop\/wp-json\/wp\/v2\/types\/product"}],"author":[{"embeddable":true,"href":"https:\/\/cfcquebec.ca\/shop\/wp-json\/wp\/v2\/users\/3"}],"replies":[{"embeddable":true,"href":"https:\/\/cfcquebec.ca\/shop\/wp-json\/wp\/v2\/comments?post=21602"}],"wp:featuredmedia":[{"embeddable":true,"href":"https:\/\/cfcquebec.ca\/shop\/wp-json\/wp\/v2\/media\/21606"}],"wp:attachment":[{"href":"https:\/\/cfcquebec.ca\/shop\/wp-json\/wp\/v2\/media?parent=21602"}],"wp:term":[{"taxonomy":"product_brand","embeddable":true,"href":"https:\/\/cfcquebec.ca\/shop\/wp-json\/wp\/v2\/product_brand?post=21602"},{"taxonomy":"product_cat","embeddable":true,"href":"https:\/\/cfcquebec.ca\/shop\/wp-json\/wp\/v2\/product_cat?post=21602"},{"taxonomy":"product_tag","embeddable":true,"href":"https:\/\/cfcquebec.ca\/shop\/wp-json\/wp\/v2\/product_tag?post=21602"},{"taxonomy":"author","embeddable":true,"href":"https:\/\/cfcquebec.ca\/shop\/wp-json\/wp\/v2\/ppma_author?post=21602"}],"curies":[{"name":"wp","href":"https:\/\/api.w.org\/{rel}","templated":true}]}}