{"id":21707,"date":"2025-04-26T13:43:07","date_gmt":"2025-04-26T17:43:07","guid":{"rendered":"https:\/\/cfcquebec.ca\/shop\/?post_type=product&#038;p=21707"},"modified":"2026-03-07T22:26:00","modified_gmt":"2026-03-08T03:26:00","slug":"liftmaster-la500pkgul","status":"publish","type":"product","link":"https:\/\/cfcquebec.ca\/shop\/product\/liftmaster-la500pkgul\/","title":{"rendered":"Liftmaster LA500PKGUL"},"content":{"rendered":"<p>\ud83d\udd12 S\u00e9curit\u00e9 Active et Intelligente<br \/>\nInversion automatique \u00e0 d\u00e9tection d&rsquo;obstacles et accessoires de s\u00e9curit\u00e9 certifi\u00e9s pour une protection sans compromis.<\/p>\n<p>\ud83d\udce1 Technologie Security+ 2.0<br \/>\nSignal crypt\u00e9 de haute s\u00e9curit\u00e9, con\u00e7u pour \u00e9liminer les interf\u00e9rences et maximiser la port\u00e9e de vos t\u00e9l\u00e9commandes.<\/p>\n<p>\u26a1 Fermeture Rapide<br \/>\nEmp\u00eachez les acc\u00e8s non autoris\u00e9s avec une fermeture acc\u00e9l\u00e9r\u00e9e, imm\u00e9diatement apr\u00e8s le passage du v\u00e9hicule.<\/p>\n<p>\ud83d\udee1\ufe0f Certifi\u00e9 UL 325<br \/>\nFiabilit\u00e9 test\u00e9e selon les standards les plus stricts de l&rsquo;industrie pour une s\u00e9curit\u00e9 optimale.<\/p>\n<p>\ud83c\udfd7\ufe0f Construction Robuste<br \/>\nArmoire verrouillable, con\u00e7ue pour r\u00e9sister aux intemp\u00e9ries et aux environnements extr\u00eames.<\/p>\n<p>\u2600\ufe0f Alimentation Flexible et \u00c9cologique<br \/>\nCommunication sans fil pour \u00e9viter les tranch\u00e9es co\u00fbteuses<br \/>\nCompatible avec un syst\u00e8me solaire fiable et admissible aux cr\u00e9dits d\u2019imp\u00f4t r\u00e9sidentiels.<\/p>\n<p>\ud83d\udd04 Fiabilit\u00e9 et Douceur de Fonctionnement<br \/>\nUn mouvement fluide qui r\u00e9duit l&rsquo;usure pour garantir des ann\u00e9es de service sans tracas.<\/p>\n<p>\ud83c\udf10 Connectivit\u00e9 Intelligente avec myQ Community<br \/>\nSurveillance en temps r\u00e9el, alertes d\u2019activit\u00e9, et gestion centralis\u00e9e de plusieurs points d\u2019acc\u00e8s via une plateforme cloud innovante.<\/p>\n<p>\u27a1\ufe0f Votre s\u00e9curit\u00e9 commence ici. Contactez-nous pour une consultation personnalis\u00e9e.<\/p>\n","protected":false},"excerpt":{"rendered":"<p>\ud83d\udd12 S\u00e9curit\u00e9 Active et Intelligente<br \/>\nInversion automatique \u00e0 d\u00e9tection d&rsquo;obstacles et accessoires de s\u00e9curit\u00e9 certifi\u00e9s pour une protection sans compromis.<\/p>\n","protected":false},"author":3,"featured_media":21708,"comment_status":"open","ping_status":"closed","template":"","meta":{"_crdt_document":""},"product_brand":[429],"product_cat":[428],"product_tag":[],"ppma_author":[424],"class_list":{"0":"post-21707","1":"product","2":"type-product","3":"status-publish","4":"has-post-thumbnail","6":"product_brand-liftmaster","7":"product_cat-automatisme","8":"product_shipping_class-clolis-pesant","10":"first","11":"instock","12":"sale","13":"taxable","14":"shipping-taxable","15":"purchasable","16":"product-type-simple"},"_links":{"self":[{"href":"https:\/\/cfcquebec.ca\/shop\/wp-json\/wp\/v2\/product\/21707","targetHints":{"allow":["GET"]}}],"collection":[{"href":"https:\/\/cfcquebec.ca\/shop\/wp-json\/wp\/v2\/product"}],"about":[{"href":"https:\/\/cfcquebec.ca\/shop\/wp-json\/wp\/v2\/types\/product"}],"author":[{"embeddable":true,"href":"https:\/\/cfcquebec.ca\/shop\/wp-json\/wp\/v2\/users\/3"}],"replies":[{"embeddable":true,"href":"https:\/\/cfcquebec.ca\/shop\/wp-json\/wp\/v2\/comments?post=21707"}],"wp:featuredmedia":[{"embeddable":true,"href":"https:\/\/cfcquebec.ca\/shop\/wp-json\/wp\/v2\/media\/21708"}],"wp:attachment":[{"href":"https:\/\/cfcquebec.ca\/shop\/wp-json\/wp\/v2\/media?parent=21707"}],"wp:term":[{"taxonomy":"product_brand","embeddable":true,"href":"https:\/\/cfcquebec.ca\/shop\/wp-json\/wp\/v2\/product_brand?post=21707"},{"taxonomy":"product_cat","embeddable":true,"href":"https:\/\/cfcquebec.ca\/shop\/wp-json\/wp\/v2\/product_cat?post=21707"},{"taxonomy":"product_tag","embeddable":true,"href":"https:\/\/cfcquebec.ca\/shop\/wp-json\/wp\/v2\/product_tag?post=21707"},{"taxonomy":"author","embeddable":true,"href":"https:\/\/cfcquebec.ca\/shop\/wp-json\/wp\/v2\/ppma_author?post=21707"}],"curies":[{"name":"wp","href":"https:\/\/api.w.org\/{rel}","templated":true}]}}