{"id":21736,"date":"2025-08-13T14:55:25","date_gmt":"2025-08-13T18:55:25","guid":{"rendered":"https:\/\/cfcquebec.ca\/shop\/?post_type=product&#038;p=21736"},"modified":"2026-03-08T23:59:13","modified_gmt":"2026-03-09T03:59:13","slug":"porte-a-mailles-de-chaine-battante","status":"publish","type":"product","link":"https:\/\/cfcquebec.ca\/shop\/product\/porte-a-mailles-de-chaine-battante","title":{"rendered":"Porte \u00e0 mailles de cha\u00eene battante"},"content":{"rendered":"<p dir=\"ltr\" data-pm-slice=\"1 1 []\">INCLUS KIT DE LOQUET\/CHARNIERES -Porte battante robuste en acier galvanis\u00e9 avec rev\u00eatement cuit au four, id\u00e9ale pour cl\u00f4tures \u00e0 mailles de cha\u00eene. Con\u00e7ue pour un usage r\u00e9sidentiel, elle offre durabilit\u00e9 et faible entretien. Disponible en noir, blanc, brun, taupe ou vert.<\/p>\n<p dir=\"ltr\" data-pm-slice=\"1 1 []\"><img fetchpriority=\"high\" decoding=\"async\" class=\"alignnone wp-image-21738\" src=\"https:\/\/forestgreen-boar-745836.hostingersite.com\/wp-content\/uploads\/2025\/08\/porte.jpg\" alt=\"Porte maille de chaine\" width=\"299\" height=\"333\" srcset=\"https:\/\/cfcquebec.ca\/shop\/wp-content\/uploads\/2025\/08\/porte-11x12.jpg 11w, https:\/\/cfcquebec.ca\/shop\/wp-content\/uploads\/2025\/08\/porte-200x222.jpg 200w, https:\/\/cfcquebec.ca\/shop\/wp-content\/uploads\/2025\/08\/porte-360x400.jpg 360w, https:\/\/cfcquebec.ca\/shop\/wp-content\/uploads\/2025\/08\/porte-400x445.jpg 400w, https:\/\/cfcquebec.ca\/shop\/wp-content\/uploads\/2025\/08\/porte-500x556.jpg 500w, https:\/\/cfcquebec.ca\/shop\/wp-content\/uploads\/2025\/08\/porte.jpg 579w\" sizes=\"(max-width: 299px) 100vw, 299px\" \/><img decoding=\"async\" class=\"alignnone wp-image-21786\" src=\"https:\/\/forestgreen-boar-745836.hostingersite.com\/wp-content\/uploads\/2025\/08\/KIT-PENTURE.webp\" alt=\"KIT DE PENTURE A MAILLE\" width=\"331\" height=\"331\" srcset=\"https:\/\/cfcquebec.ca\/shop\/wp-content\/uploads\/2025\/08\/KIT-PENTURE-12x12.webp 12w, https:\/\/cfcquebec.ca\/shop\/wp-content\/uploads\/2025\/08\/KIT-PENTURE-66x66.webp 66w, https:\/\/cfcquebec.ca\/shop\/wp-content\/uploads\/2025\/08\/KIT-PENTURE-150x150.webp 150w, https:\/\/cfcquebec.ca\/shop\/wp-content\/uploads\/2025\/08\/KIT-PENTURE-200x200.webp 200w, https:\/\/cfcquebec.ca\/shop\/wp-content\/uploads\/2025\/08\/KIT-PENTURE-400x400.webp 400w, https:\/\/cfcquebec.ca\/shop\/wp-content\/uploads\/2025\/08\/KIT-PENTURE-500x500.webp 500w, https:\/\/cfcquebec.ca\/shop\/wp-content\/uploads\/2025\/08\/KIT-PENTURE-600x600.webp 600w, https:\/\/cfcquebec.ca\/shop\/wp-content\/uploads\/2025\/08\/KIT-PENTURE-700x700.webp 700w, https:\/\/cfcquebec.ca\/shop\/wp-content\/uploads\/2025\/08\/KIT-PENTURE-768x768.webp 768w, https:\/\/cfcquebec.ca\/shop\/wp-content\/uploads\/2025\/08\/KIT-PENTURE.webp 800w\" sizes=\"(max-width: 331px) 100vw, 331px\" \/><\/p>\n<p dir=\"ltr\"><strong>Caract\u00e9ristiques<\/strong> :<\/p>\n<ul class=\"tight\" dir=\"ltr\" data-tight=\"true\">\n<li>\n<p dir=\"ltr\"><strong>Tailles<\/strong> : Simple (42&Prime; \u00e0 60&Prime; de large) ou double (72&Prime; \u00e0 120&Prime; de large). Hauteur : 3 \u00e0 6 pi.<\/p>\n<\/li>\n<li>\n<p dir=\"ltr\"><strong>Mat\u00e9riau<\/strong> : Acier galvanis\u00e9 r\u00e9sistant \u00e0 la corrosion, rev\u00eatement cuit au four.<\/p>\n<\/li>\n<li>\n<p dir=\"ltr\"><strong>Options<\/strong> : Loquets \u00e0 fourche, charni\u00e8res robustes, fermeture automatique. Lattes d\u2019intimit\u00e9 (PVC, 95 % d\u2019occultation) .<\/p>\n<\/li>\n<li>\n<p dir=\"ltr\"><strong>Installation<\/strong> : Compatible avec poteaux de 2 3\/8&Prime;, fixation dans b\u00e9ton. Kit d\u2019accessoires inclus.<\/p>\n<\/li>\n<\/ul>\n<p dir=\"ltr\"><strong>Avantages<\/strong> :<\/p>\n<ul class=\"tight\" dir=\"ltr\" data-tight=\"true\">\n<li>\n<p dir=\"ltr\">Acc\u00e8s facile pour pi\u00e9tons ou v\u00e9hicules.<\/p>\n<\/li>\n<li>\n<p dir=\"ltr\">R\u00e9sistance aux intemp\u00e9ries.<\/p>\n<\/li>\n<li>\n<p dir=\"ltr\">Personnalisable pour style et s\u00e9curit\u00e9.<\/p>\n<\/li>\n<\/ul>\n<p dir=\"ltr\"><strong>Applications<\/strong> :<br \/>\nPropri\u00e9t\u00e9s r\u00e9sidentielles, parcs, entrep\u00f4ts, sites industriels.<\/p>\n<p dir=\"ltr\"><strong>Prix<\/strong> : \u00c0 partir de 174.00 $ (porte simple 4 pi x 48 po).<\/p>\n","protected":false},"excerpt":{"rendered":"<p dir=\"auto\">INCLUS KIT DE LOQUET\/CHARNIERES -Porte battante en acier galvanis\u00e9 avec rev\u00eatement cuit au four, durable et r\u00e9sistante \u00e0 la corrosion. Disponible en simple (42&Prime;-60&Prime;) ou double (72&Prime;-120&Prime;), hauteur 3-6 pi. Options :\u00a0 <a href=\"https:\/\/forestgreen-boar-745836.hostingersite.com\/product\/lattes-intimes\" target=\"_blank\" rel=\"noopener\">Lattes d\u2019intimit\u00e9<\/a>. Id\u00e9ale pour r\u00e9sidentiel.<\/p>\n","protected":false},"author":3,"featured_media":21737,"comment_status":"open","ping_status":"closed","template":"","meta":{"_crdt_document":""},"product_brand":[420],"product_cat":[303,430],"product_tag":[],"ppma_author":[424],"class_list":{"0":"post-21736","1":"product","2":"type-product","3":"status-publish","4":"has-post-thumbnail","6":"product_brand-cfc","7":"product_cat-cloture-residentielle-frost","8":"product_cat-portes","9":"product_shipping_class-volumineux","10":"pa_color-beige","11":"pa_color-blanc","12":"pa_color-brun","13":"pa_color-noir","14":"pa_color-vert","16":"first","17":"instock","18":"taxable","19":"shipping-taxable","20":"purchasable","21":"product-type-variable"},"_links":{"self":[{"href":"https:\/\/cfcquebec.ca\/shop\/wp-json\/wp\/v2\/product\/21736","targetHints":{"allow":["GET"]}}],"collection":[{"href":"https:\/\/cfcquebec.ca\/shop\/wp-json\/wp\/v2\/product"}],"about":[{"href":"https:\/\/cfcquebec.ca\/shop\/wp-json\/wp\/v2\/types\/product"}],"author":[{"embeddable":true,"href":"https:\/\/cfcquebec.ca\/shop\/wp-json\/wp\/v2\/users\/3"}],"replies":[{"embeddable":true,"href":"https:\/\/cfcquebec.ca\/shop\/wp-json\/wp\/v2\/comments?post=21736"}],"wp:featuredmedia":[{"embeddable":true,"href":"https:\/\/cfcquebec.ca\/shop\/wp-json\/wp\/v2\/media\/21737"}],"wp:attachment":[{"href":"https:\/\/cfcquebec.ca\/shop\/wp-json\/wp\/v2\/media?parent=21736"}],"wp:term":[{"taxonomy":"product_brand","embeddable":true,"href":"https:\/\/cfcquebec.ca\/shop\/wp-json\/wp\/v2\/product_brand?post=21736"},{"taxonomy":"product_cat","embeddable":true,"href":"https:\/\/cfcquebec.ca\/shop\/wp-json\/wp\/v2\/product_cat?post=21736"},{"taxonomy":"product_tag","embeddable":true,"href":"https:\/\/cfcquebec.ca\/shop\/wp-json\/wp\/v2\/product_tag?post=21736"},{"taxonomy":"author","embeddable":true,"href":"https:\/\/cfcquebec.ca\/shop\/wp-json\/wp\/v2\/ppma_author?post=21736"}],"curies":[{"name":"wp","href":"https:\/\/api.w.org\/{rel}","templated":true}]}}