{"id":21789,"date":"2025-09-16T14:29:20","date_gmt":"2025-09-16T18:29:20","guid":{"rendered":"https:\/\/cfcquebec.ca\/shop\/?post_type=product&#038;p=21789"},"modified":"2025-09-29T11:22:34","modified_gmt":"2025-09-29T15:22:34","slug":"ligatures","status":"publish","type":"product","link":"https:\/\/cfcquebec.ca\/shop\/product\/ligatures","title":{"rendered":"Ligatures"},"content":{"rendered":"<p><strong data-start=\"203\" data-end=\"261\">Ligatures de fil 3 1\/2&Prime; pour fil du bas \u2013 cl\u00f4ture frost <span style=\"color: #ff6600;\">PQT 100<\/span><\/strong><br data-start=\"261\" data-end=\"264\" \/>La ligature de fil de 3 1\/2&Prime; est sp\u00e9cialement utilis\u00e9e pour fixer le fil de tension inf\u00e9rieur \u00e0 la maille de cha\u00eene (cl\u00f4ture frost). Fabriqu\u00e9e en acier galvanis\u00e9, elle assure une fixation solide et durable tout en emp\u00eachant le treillis de se soulever. Facile \u00e0 installer, elle garantit une finition professionnelle pour vos cl\u00f4tures r\u00e9sidentielles, commerciales ou industrielles.<\/p>\n","protected":false},"excerpt":{"rendered":"<p>Ligature galvanis\u00e9e 3 1\/2&Prime; \u2013 pour attacher le fil du bas aux mailles frost <span style=\"color: #ff6600;\">PQT 100<\/span><\/p>\n","protected":false},"author":3,"featured_media":21790,"comment_status":"open","ping_status":"closed","template":"","meta":{"_crdt_document":""},"product_brand":[420],"product_cat":[319,303],"product_tag":[441,440],"ppma_author":[424],"class_list":{"0":"post-21789","1":"product","2":"type-product","3":"status-publish","4":"has-post-thumbnail","6":"product_brand-cfc","7":"product_cat-quincaillerie","8":"product_cat-cloture-residentielle-frost","9":"product_tag-ligatures","10":"product_tag-twist-ties","12":"first","13":"instock","14":"taxable","15":"shipping-taxable","16":"purchasable","17":"product-type-simple"},"_links":{"self":[{"href":"https:\/\/cfcquebec.ca\/shop\/wp-json\/wp\/v2\/product\/21789","targetHints":{"allow":["GET"]}}],"collection":[{"href":"https:\/\/cfcquebec.ca\/shop\/wp-json\/wp\/v2\/product"}],"about":[{"href":"https:\/\/cfcquebec.ca\/shop\/wp-json\/wp\/v2\/types\/product"}],"author":[{"embeddable":true,"href":"https:\/\/cfcquebec.ca\/shop\/wp-json\/wp\/v2\/users\/3"}],"replies":[{"embeddable":true,"href":"https:\/\/cfcquebec.ca\/shop\/wp-json\/wp\/v2\/comments?post=21789"}],"wp:featuredmedia":[{"embeddable":true,"href":"https:\/\/cfcquebec.ca\/shop\/wp-json\/wp\/v2\/media\/21790"}],"wp:attachment":[{"href":"https:\/\/cfcquebec.ca\/shop\/wp-json\/wp\/v2\/media?parent=21789"}],"wp:term":[{"taxonomy":"product_brand","embeddable":true,"href":"https:\/\/cfcquebec.ca\/shop\/wp-json\/wp\/v2\/product_brand?post=21789"},{"taxonomy":"product_cat","embeddable":true,"href":"https:\/\/cfcquebec.ca\/shop\/wp-json\/wp\/v2\/product_cat?post=21789"},{"taxonomy":"product_tag","embeddable":true,"href":"https:\/\/cfcquebec.ca\/shop\/wp-json\/wp\/v2\/product_tag?post=21789"},{"taxonomy":"author","embeddable":true,"href":"https:\/\/cfcquebec.ca\/shop\/wp-json\/wp\/v2\/ppma_author?post=21789"}],"curies":[{"name":"wp","href":"https:\/\/api.w.org\/{rel}","templated":true}]}}