{"id":21797,"date":"2025-09-29T12:29:20","date_gmt":"2025-09-29T16:29:20","guid":{"rendered":"https:\/\/cfcquebec.ca\/shop\/?post_type=product&#038;p=21797"},"modified":"2025-09-29T16:21:02","modified_gmt":"2025-09-29T20:21:02","slug":"portail-pour-voiture-gad564","status":"publish","type":"product","link":"https:\/\/cfcquebec.ca\/shop\/product\/portail-pour-voiture-gad564","title":{"rendered":"Portail pour voiture GAD564 (battant)"},"content":{"rendered":"<p>Notre portail double d\u2019all\u00e9e 14\u2019 x 6\u2019 GAD564allie robustesse, s\u00e9curit\u00e9 et design intemporel, fabriqu\u00e9 selon les normes de qualit\u00e9 CFC. Con\u00e7u pour les entr\u00e9es r\u00e9sidentielles comme commerciales, il offre une ouverture de 14 pieds r\u00e9partie en deux vantaux \u00e9quilibr\u00e9s de 7 pieds chacun, assurant un passage fluide des v\u00e9hicules tout en conservant solidit\u00e9 et \u00e9l\u00e9gance.<\/p>\n<p>Construit \u00e0 partir de tubes d\u2019acier galvanis\u00e9 et de cadres soud\u00e9s avec pr\u00e9cision, ce portail est con\u00e7u pour \u00e9viter l\u2019affaissement et offrir une durabilit\u00e9 \u00e0 long terme. Son fini de peinture cuite en poudre assure une protection maximale contre la rouille, la corrosion et les intemp\u00e9ries.<\/p>\n<p><strong>Caract\u00e9ristiques principales :<\/strong><\/p>\n<ul>\n<li><strong>Dimensions :<\/strong> 14 pieds de largeur (double vantail), 6 pieds de hauteur<\/li>\n<li><strong>Mat\u00e9riaux :<\/strong> Acier galvanis\u00e9, cadre enti\u00e8rement soud\u00e9<\/li>\n<li><strong>Finition :<\/strong> Peinture cuite noire r\u00e9sistante aux intemp\u00e9ries<\/li>\n<li><strong>Design :<\/strong> Profil sobre et moderne<\/li>\n<li><strong>Fonctionnalit\u00e9 :<\/strong> Pr\u00e9-mont\u00e9 sur gonds pour une installation rapide avec quincaillerie standard<\/li>\n<li><strong>Applications :<\/strong> Id\u00e9al pour les entr\u00e9es r\u00e9sidentielles, agricoles, industrielles l\u00e9g\u00e8res et terrains s\u00e9curis\u00e9s<\/li>\n<\/ul>\n<p>&nbsp;<\/p>\n","protected":false},"excerpt":{"rendered":"<p><strong data-start=\"95\" data-end=\"128\">Portail double 14\u2019 x 6\u2019 \u2013 CFC<\/strong><br data-start=\"128\" data-end=\"131\" \/>Portail robuste et \u00e9l\u00e9gant, 14\u2019 de large par 6\u2019 de haut, fabriqu\u00e9 en acier galvanis\u00e9 soud\u00e9. Fini noir durable, con\u00e7u pour r\u00e9sister aux intemp\u00e9ries et assurer s\u00e9curit\u00e9 et long\u00e9vit\u00e9. Id\u00e9al pour r\u00e9sidences, fermes ou propri\u00e9t\u00e9s commerciales.<\/p>\n","protected":false},"author":3,"featured_media":21798,"comment_status":"open","ping_status":"closed","template":"","meta":{"_crdt_document":""},"product_brand":[420],"product_cat":[430],"product_tag":[],"ppma_author":[424],"class_list":{"0":"post-21797","1":"product","2":"type-product","3":"status-publish","4":"has-post-thumbnail","6":"product_brand-cfc","7":"product_cat-portes","8":"product_shipping_class-volumineux","10":"first","11":"instock","12":"sale","13":"taxable","14":"shipping-taxable","15":"purchasable","16":"product-type-simple"},"_links":{"self":[{"href":"https:\/\/cfcquebec.ca\/shop\/wp-json\/wp\/v2\/product\/21797","targetHints":{"allow":["GET"]}}],"collection":[{"href":"https:\/\/cfcquebec.ca\/shop\/wp-json\/wp\/v2\/product"}],"about":[{"href":"https:\/\/cfcquebec.ca\/shop\/wp-json\/wp\/v2\/types\/product"}],"author":[{"embeddable":true,"href":"https:\/\/cfcquebec.ca\/shop\/wp-json\/wp\/v2\/users\/3"}],"replies":[{"embeddable":true,"href":"https:\/\/cfcquebec.ca\/shop\/wp-json\/wp\/v2\/comments?post=21797"}],"wp:featuredmedia":[{"embeddable":true,"href":"https:\/\/cfcquebec.ca\/shop\/wp-json\/wp\/v2\/media\/21798"}],"wp:attachment":[{"href":"https:\/\/cfcquebec.ca\/shop\/wp-json\/wp\/v2\/media?parent=21797"}],"wp:term":[{"taxonomy":"product_brand","embeddable":true,"href":"https:\/\/cfcquebec.ca\/shop\/wp-json\/wp\/v2\/product_brand?post=21797"},{"taxonomy":"product_cat","embeddable":true,"href":"https:\/\/cfcquebec.ca\/shop\/wp-json\/wp\/v2\/product_cat?post=21797"},{"taxonomy":"product_tag","embeddable":true,"href":"https:\/\/cfcquebec.ca\/shop\/wp-json\/wp\/v2\/product_tag?post=21797"},{"taxonomy":"author","embeddable":true,"href":"https:\/\/cfcquebec.ca\/shop\/wp-json\/wp\/v2\/ppma_author?post=21797"}],"curies":[{"name":"wp","href":"https:\/\/api.w.org\/{rel}","templated":true}]}}