{"id":21803,"date":"2025-09-29T16:13:58","date_gmt":"2025-09-29T20:13:58","guid":{"rendered":"https:\/\/cfcquebec.ca\/shop\/?post_type=product&#038;p=21803"},"modified":"2026-04-14T08:04:56","modified_gmt":"2026-04-14T12:04:56","slug":"liftmaster-la500pkgul-double","status":"publish","type":"product","link":"https:\/\/cfcquebec.ca\/shop\/product\/liftmaster-la500pkgul-double","title":{"rendered":"Liftmaster LA500PKGUL Double"},"content":{"rendered":"<p dir=\"auto\">Le LiftMaster LA500PKGUL est un kit d\u2019ouverture de portail \u00e0 double battant robuste et moderne, id\u00e9al pour les portails jusqu\u2019\u00e0 5,5 m ou 725 kg. Il inclut un bras LA500 suppl\u00e9mentaire, deux t\u00e9l\u00e9commandes 811LM, une batterie de secours, un r\u00e9cepteur et une cellule photo\u00e9lectrique. Dot\u00e9 d\u2019un design actualis\u00e9, d\u2019une construction en acier verrouillable et r\u00e9sistante aux intemp\u00e9ries, il garantit durabilit\u00e9 et fiabilit\u00e9. La technologie Security+ 2.0 offre un signal crypt\u00e9, \u00e9liminant les interf\u00e9rences et assurant une port\u00e9e \u00e9tendue pour un acc\u00e8s s\u00e9curis\u00e9.<\/p>\n","protected":false},"excerpt":{"rendered":"<p dir=\"auto\">Kit LiftMaster LA500PKGUL pour portail double battant : bras LA500, 2 t\u00e9l\u00e9commandes 811LM, batterie de secours, r\u00e9cepteur, cellule photo\u00e9lectrique. Acier robuste, verrouillable, r\u00e9sistant aux intemp\u00e9ries. Pour portails jusqu\u2019\u00e0 5,5 m ou 725 kg. Security+ 2.0 : signal crypt\u00e9, port\u00e9e \u00e9tendue.<\/p>\n","protected":false},"author":3,"featured_media":21804,"comment_status":"open","ping_status":"closed","template":"","meta":{"_crdt_document":""},"product_brand":[429],"product_cat":[428],"product_tag":[443],"ppma_author":[424],"class_list":{"0":"post-21803","1":"product","2":"type-product","3":"status-publish","4":"has-post-thumbnail","6":"product_brand-liftmaster","7":"product_cat-automatisme","8":"product_tag-dual-gate-opener","9":"product_shipping_class-volumineux","11":"first","12":"instock","13":"sale","14":"taxable","15":"shipping-taxable","16":"purchasable","17":"product-type-simple"},"_links":{"self":[{"href":"https:\/\/cfcquebec.ca\/shop\/wp-json\/wp\/v2\/product\/21803","targetHints":{"allow":["GET"]}}],"collection":[{"href":"https:\/\/cfcquebec.ca\/shop\/wp-json\/wp\/v2\/product"}],"about":[{"href":"https:\/\/cfcquebec.ca\/shop\/wp-json\/wp\/v2\/types\/product"}],"author":[{"embeddable":true,"href":"https:\/\/cfcquebec.ca\/shop\/wp-json\/wp\/v2\/users\/3"}],"replies":[{"embeddable":true,"href":"https:\/\/cfcquebec.ca\/shop\/wp-json\/wp\/v2\/comments?post=21803"}],"wp:featuredmedia":[{"embeddable":true,"href":"https:\/\/cfcquebec.ca\/shop\/wp-json\/wp\/v2\/media\/21804"}],"wp:attachment":[{"href":"https:\/\/cfcquebec.ca\/shop\/wp-json\/wp\/v2\/media?parent=21803"}],"wp:term":[{"taxonomy":"product_brand","embeddable":true,"href":"https:\/\/cfcquebec.ca\/shop\/wp-json\/wp\/v2\/product_brand?post=21803"},{"taxonomy":"product_cat","embeddable":true,"href":"https:\/\/cfcquebec.ca\/shop\/wp-json\/wp\/v2\/product_cat?post=21803"},{"taxonomy":"product_tag","embeddable":true,"href":"https:\/\/cfcquebec.ca\/shop\/wp-json\/wp\/v2\/product_tag?post=21803"},{"taxonomy":"author","embeddable":true,"href":"https:\/\/cfcquebec.ca\/shop\/wp-json\/wp\/v2\/ppma_author?post=21803"}],"curies":[{"name":"wp","href":"https:\/\/api.w.org\/{rel}","templated":true}]}}